{"id":134120,"date":"2025-09-03T09:03:17","date_gmt":"2025-09-03T09:03:17","guid":{"rendered":"https:\/\/barc.com\/?page_id=134120"},"modified":"2025-09-05T14:49:24","modified_gmt":"2025-09-05T14:49:24","slug":"ai-policy","status":"publish","type":"page","link":"https:\/\/barc.com\/de\/ai-policy\/","title":{"rendered":"AI Policy"},"content":{"rendered":"\t\t<div data-elementor-type=\"wp-page\" data-elementor-id=\"134120\" class=\"elementor elementor-134120 elementor-134074\" data-elementor-settings=\"{&quot;element_pack_global_tooltip_width&quot;:{&quot;unit&quot;:&quot;px&quot;,&quot;size&quot;:&quot;&quot;,&quot;sizes&quot;:[]},&quot;element_pack_global_tooltip_width_tablet&quot;:{&quot;unit&quot;:&quot;px&quot;,&quot;size&quot;:&quot;&quot;,&quot;sizes&quot;:[]},&quot;element_pack_global_tooltip_width_mobile&quot;:{&quot;unit&quot;:&quot;px&quot;,&quot;size&quot;:&quot;&quot;,&quot;sizes&quot;:[]},&quot;element_pack_global_tooltip_padding&quot;:{&quot;unit&quot;:&quot;px&quot;,&quot;top&quot;:&quot;&quot;,&quot;right&quot;:&quot;&quot;,&quot;bottom&quot;:&quot;&quot;,&quot;left&quot;:&quot;&quot;,&quot;isLinked&quot;:true},&quot;element_pack_global_tooltip_padding_tablet&quot;:{&quot;unit&quot;:&quot;px&quot;,&quot;top&quot;:&quot;&quot;,&quot;right&quot;:&quot;&quot;,&quot;bottom&quot;:&quot;&quot;,&quot;left&quot;:&quot;&quot;,&quot;isLinked&quot;:true},&quot;element_pack_global_tooltip_padding_mobile&quot;:{&quot;unit&quot;:&quot;px&quot;,&quot;top&quot;:&quot;&quot;,&quot;right&quot;:&quot;&quot;,&quot;bottom&quot;:&quot;&quot;,&quot;left&quot;:&quot;&quot;,&quot;isLinked&quot;:true},&quot;element_pack_global_tooltip_border_radius&quot;:{&quot;unit&quot;:&quot;px&quot;,&quot;top&quot;:&quot;&quot;,&quot;right&quot;:&quot;&quot;,&quot;bottom&quot;:&quot;&quot;,&quot;left&quot;:&quot;&quot;,&quot;isLinked&quot;:true},&quot;element_pack_global_tooltip_border_radius_tablet&quot;:{&quot;unit&quot;:&quot;px&quot;,&quot;top&quot;:&quot;&quot;,&quot;right&quot;:&quot;&quot;,&quot;bottom&quot;:&quot;&quot;,&quot;left&quot;:&quot;&quot;,&quot;isLinked&quot;:true},&quot;element_pack_global_tooltip_border_radius_mobile&quot;:{&quot;unit&quot;:&quot;px&quot;,&quot;top&quot;:&quot;&quot;,&quot;right&quot;:&quot;&quot;,&quot;bottom&quot;:&quot;&quot;,&quot;left&quot;:&quot;&quot;,&quot;isLinked&quot;:true}}\" data-elementor-post-type=\"page\">\n\t\t\t\t\t\t<section class=\"ob-is-breaking-bad elementor-section elementor-top-section elementor-element elementor-element-2834d07 bullet elementor-section-boxed elementor-section-height-default elementor-section-height-default\" data-id=\"2834d07\" data-element_type=\"section\" data-e-type=\"section\" data-settings=\"{&quot;_ob_bbad_use_it&quot;:&quot;yes&quot;,&quot;_ob_bbad_sssic_use&quot;:&quot;no&quot;}\">\n\t\t\t\t\t\t<div class=\"elementor-container elementor-column-gap-default\">\n\t\t\t\t\t<div class=\"elementor-column elementor-col-100 elementor-top-column elementor-element elementor-element-36f5571\" data-id=\"36f5571\" data-element_type=\"column\" data-e-type=\"column\" data-settings=\"{&quot;_ob_bbad_is_stalker&quot;:&quot;no&quot;}\">\n\t\t\t<div class=\"elementor-widget-wrap elementor-element-populated\">\n\t\t\t\t\t\t<div class=\"elementor-element elementor-element-3dad7e4 dont-break-out elementor-widget elementor-widget-text-editor\" data-id=\"3dad7e4\" data-element_type=\"widget\" data-e-type=\"widget\" data-settings=\"{&quot;_ob_postman_use&quot;:&quot;no&quot;,&quot;_ob_widget_stalker_use&quot;:&quot;no&quot;}\" data-widget_type=\"text-editor.default\">\n\t\t\t\t<div class=\"elementor-widget-container\">\n\t\t\t\t\t\t\t\t\t<h1>Richtlinie von BARC zum Einsatz von K\u00fcnstlicher Intelligenz (KI) und Generativer KI<\/h1><h2>Einleitung<\/h2><p>BARC analysiert und bewertet k\u00fcnstliche Intelligenz (KI) bereits seit den 1990er-Jahren. Heute setzen wir generative KI und gro\u00dfe Sprachmodelle (LLMs) unterst\u00fctzend in unserem Research, bei Events und in der Beratung ein.<\/p><p>Die Verantwortung f\u00fcr jede von uns ver\u00f6ffentlichte Erkenntnis liegt weiterhin bei unseren Analysten und nicht bei Maschinen.<\/p><h2>Leits\u00e4tze<\/h2><ul><li>Transparenz: Wir legen offen, wie KI unsere Arbeit unterst\u00fctzt.<\/li><li>Menschlicher Mehrwert: Jedes Ergebnis basiert auf menschlichen Einblicken, Expertenurteilen, Kontext und Syntheseleistung. Unsere Analysten stellen die Richtigkeit sicher.<\/li><li>Genauigkeit und Relevanz: Alle Ergebnisse werden vor der Ver\u00f6ffentlichung gepr\u00fcft und m\u00fcssen den redaktionellen Standards von BARC entsprechen.<\/li><\/ul><h2>Zul\u00e4ssige Anwendungsbereiche von KI<\/h2><ul><li>Analysten-Content: Erstellung von Gliederungen, Titeln, Zusammenfassungen und ersten Textentw\u00fcrfen, die von Analysten weiter ausgearbeitet werden.<\/li><li>Pr\u00fcfung von Grammatik, Formatierung von Texten und Zusammenfassung langer Transkripte.<\/li><li>Optimierung von durch Menschen erstellten Inhalten.<\/li><li>Schnelle Recherche in \u00f6ffentlichen Quellen, deren Fakten von Analysten sorgf\u00e4ltig gepr\u00fcft werden.<\/li><li>Tagging- und \u00dcbersetzungsaufgaben, die von Fachexperten \u00fcberpr\u00fcft werden.<\/li><li>Erstellung von Bildern f\u00fcr Pr\u00e4sentationen, Blogs und Social-Media-Beitr\u00e4ge.<\/li><li>Marketing-Anwendungen wie die Erstellung von Blog- und Social-Media-Beitr\u00e4gen auf Basis ver\u00f6ffentlichter Inhalte.<\/li><li>Analyse von Datens\u00e4tzen und Datenvisualisierung.<\/li><li>Ideenfindung.<\/li><\/ul><h2>Unzul\u00e4ssige oder eingeschr\u00e4nkte Anwendungsbereiche von KI<\/h2><ul><li>Eigenst\u00e4ndige Analysen oder Empfehlungen.<\/li><li>Synthetische Interviews und synthetische Antworten in BARC-Umfragen.<\/li><li>Automatisierte Beantwortung von Kundenanfragen.<\/li><li>Eingabe von vertraulichen Kundendaten oder unver\u00f6ffentlichten Forschungsergebnissen in externe KI-Tools.<\/li><li>Jegliche Ergebnisse, die ohne \u00dcberpr\u00fcfung durch Analysten \u201eas is\u201c (unver\u00e4ndert) bereitgestellt werden.<\/li><\/ul><h2>Unser Leistungsversprechen<\/h2><p>Jedes Ergebnis von BARC vereint propriet\u00e4res Research mit menschlicher Expertise. KI unterst\u00fctzt unsere Analysten, ersetzt sie aber niemals. Kunden erhalten die Tiefe, den Kontext, die Vordenkerrolle und die Unabh\u00e4ngigkeit, die unsere Arbeit auszeichnen.<\/p><h2>Datenschutz<\/h2><p>BARC wendet eine strikte Data Governance an. Wir stellen sicher, dass keine personenbezogenen Daten, vertraulichen Kundeninformationen oder exklusiven Forschungsergebnisse in externe KI-Systeme gelangen. Interne KI-Tools gew\u00e4hrleisten Datenschutz, Datensouver\u00e4nit\u00e4t und den Schutz geistigen Eigentums.<\/p><h2>Kontinuierliche \u00dcberpr\u00fcfung<\/h2><p>Wir passen diese Richtlinie kontinuierlich an die Entwicklung von KI-F\u00e4higkeiten, gesetzlichen Vorschriften und Kundenbed\u00fcrfnissen an. Fragen oder Feedback: <a href=\"mailto:info@barc.com\">info@barc.com<\/a>.<\/p>\t\t\t\t\t\t\t\t<\/div>\n\t\t\t\t<\/div>\n\t\t\t\t\t<\/div>\n\t\t<\/div>\n\t\t\t\t\t<\/div>\n\t\t<\/section>\n\t\t\t\t<\/div>\n\t\t","protected":false},"excerpt":{"rendered":"<p>Richtlinie von BARC zum Einsatz von K\u00fcnstlicher Intelligenz (KI) und Generativer KI Einleitung BARC analysiert und bewertet k\u00fcnstliche Intelligenz (KI) bereits seit den 1990er-Jahren. Heute setzen wir generative KI und gro\u00dfe Sprachmodelle (LLMs) unterst\u00fctzend in unserem Research, bei Events und in der Beratung ein. Die Verantwortung f\u00fcr jede von uns ver\u00f6ffentlichte Erkenntnis liegt weiterhin bei [&hellip;]<\/p>\n","protected":false},"author":109,"featured_media":0,"parent":0,"menu_order":0,"comment_status":"closed","ping_status":"closed","template":"","meta":{"_acf_changed":false,"site-sidebar-layout":"no-sidebar","site-content-layout":"page-builder","ast-site-content-layout":"full-width-container","site-content-style":"default","site-sidebar-style":"default","ast-global-header-display":"","ast-banner-title-visibility":"","ast-main-header-display":"","ast-hfb-above-header-display":"","ast-hfb-below-header-display":"","ast-hfb-mobile-header-display":"","site-post-title":"disabled","ast-breadcrumbs-content":"","ast-featured-img":"disabled","footer-sml-layout":"","ast-disable-related-posts":"","theme-transparent-header-meta":"","adv-header-id-meta":"","stick-header-meta":"","header-above-stick-meta":"","header-main-stick-meta":"","header-below-stick-meta":"","astra-migrate-meta-layouts":"set","ast-page-background-enabled":"default","ast-page-background-meta":{"desktop":{"background-color":"","background-image":"","background-repeat":"repeat","background-position":"center center","background-size":"auto","background-attachment":"scroll","background-type":"","background-media":"","overlay-type":"","overlay-color":"","overlay-opacity":"","overlay-gradient":""},"tablet":{"background-color":"","background-image":"","background-repeat":"repeat","background-position":"center center","background-size":"auto","background-attachment":"scroll","background-type":"","background-media":"","overlay-type":"","overlay-color":"","overlay-opacity":"","overlay-gradient":""},"mobile":{"background-color":"","background-image":"","background-repeat":"repeat","background-position":"center center","background-size":"auto","background-attachment":"scroll","background-type":"","background-media":"","overlay-type":"","overlay-color":"","overlay-opacity":"","overlay-gradient":""}},"ast-content-background-meta":{"desktop":{"background-color":"var(--ast-global-color-5)","background-image":"","background-repeat":"repeat","background-position":"center center","background-size":"auto","background-attachment":"scroll","background-type":"","background-media":"","overlay-type":"","overlay-color":"","overlay-opacity":"","overlay-gradient":""},"tablet":{"background-color":"var(--ast-global-color-5)","background-image":"","background-repeat":"repeat","background-position":"center center","background-size":"auto","background-attachment":"scroll","background-type":"","background-media":"","overlay-type":"","overlay-color":"","overlay-opacity":"","overlay-gradient":""},"mobile":{"background-color":"var(--ast-global-color-5)","background-image":"","background-repeat":"repeat","background-position":"center center","background-size":"auto","background-attachment":"scroll","background-type":"","background-media":"","overlay-type":"","overlay-color":"","overlay-opacity":"","overlay-gradient":""}},"footnotes":""},"categories":[],"tags":[],"plus":[],"content_typ":[],"layoutvorlage":[],"class_list":["post-134120","page","type-page","status-publish","hentry"],"acf":[],"_links":{"self":[{"href":"https:\/\/barc.com\/de\/wp-json\/wp\/v2\/pages\/134120","targetHints":{"allow":["GET"]}}],"collection":[{"href":"https:\/\/barc.com\/de\/wp-json\/wp\/v2\/pages"}],"about":[{"href":"https:\/\/barc.com\/de\/wp-json\/wp\/v2\/types\/page"}],"author":[{"embeddable":true,"href":"https:\/\/barc.com\/de\/wp-json\/wp\/v2\/users\/109"}],"replies":[{"embeddable":true,"href":"https:\/\/barc.com\/de\/wp-json\/wp\/v2\/comments?post=134120"}],"version-history":[{"count":5,"href":"https:\/\/barc.com\/de\/wp-json\/wp\/v2\/pages\/134120\/revisions"}],"predecessor-version":[{"id":134560,"href":"https:\/\/barc.com\/de\/wp-json\/wp\/v2\/pages\/134120\/revisions\/134560"}],"wp:attachment":[{"href":"https:\/\/barc.com\/de\/wp-json\/wp\/v2\/media?parent=134120"}],"wp:term":[{"taxonomy":"category","embeddable":true,"href":"https:\/\/barc.com\/de\/wp-json\/wp\/v2\/categories?post=134120"},{"taxonomy":"post_tag","embeddable":true,"href":"https:\/\/barc.com\/de\/wp-json\/wp\/v2\/tags?post=134120"},{"taxonomy":"plus","embeddable":true,"href":"https:\/\/barc.com\/de\/wp-json\/wp\/v2\/plus?post=134120"},{"taxonomy":"content_typ","embeddable":true,"href":"https:\/\/barc.com\/de\/wp-json\/wp\/v2\/content_typ?post=134120"},{"taxonomy":"layoutvorlage","embeddable":true,"href":"https:\/\/barc.com\/de\/wp-json\/wp\/v2\/layoutvorlage?post=134120"}],"curies":[{"name":"wp","href":"https:\/\/api.w.org\/{rel}","templated":true}]}}