{"id":4271,"date":"2021-01-12T10:25:58","date_gmt":"2021-01-12T10:25:58","guid":{"rendered":"https:\/\/barc.com\/?page_id=4271"},"modified":"2026-03-17T10:16:21","modified_gmt":"2026-03-17T10:16:21","slug":"mein-konto","status":"publish","type":"page","link":"https:\/\/barc.com\/de\/mein-konto\/","title":{"rendered":"Mein Konto"},"content":{"rendered":"<p>Knapp 50 Data- und Analytics-Verantwortliche sowie BARC-Expert*innen haben sich zum ersten virtuellen Erfahrungsaustausch im Jahr 2021 getroffen. Verschiedene Impuls- und Gespr\u00e4chsbeitr\u00e4ge haben Methoden zur ganzheitlichen und kollaborativen Entwicklung einer Data- und Analytics-Strategie thematisiert.<br \/>\nDiese Mitschrift enth\u00e4lt eine stichpunktartige Zusammenfassung der wesentlichen Gespr\u00e4chsbeitr\u00e4ge. <\/p>\n \t\t<div class=\"woocommerce\">\n\t\t\t<div class=\"woocommerce-info wc-memberships-restriction-message wc-memberships-message wc-memberships-content-restricted-message\">\n\t\t\t\tErhalten Sie Zugriff auf diesen Inhalt, indem Sie <a href=\"https:\/\/barc.com\/de\/produkt\/plus\/\">BARC+ in unserem Shop erwerben<\/a>.\t\t    <\/div>\n\t\t<\/div>\n\t\t","protected":false},"excerpt":{"rendered":"<p>Knapp 50 Data- und Analytics-Verantwortliche sowie BARC-Expert*innen haben sich zum ersten virtuellen Erfahrungsaustausch im Jahr 2021 getroffen. Verschiedene Impuls- und Gespr\u00e4chsbeitr\u00e4ge haben Methoden zur ganzheitlichen und kollaborativen Entwicklung einer Data- und Analytics-Strategie thematisiert. Diese Mitschrift enth\u00e4lt eine stichpunktartige Zusammenfassung der wesentlichen Gespr\u00e4chsbeitr\u00e4ge. Erhalten Sie Zugriff auf diesen Inhalt, indem Sie BARC+ in unserem Shop erwerben.<\/p>\n","protected":false},"author":2,"featured_media":40917,"parent":0,"menu_order":0,"comment_status":"closed","ping_status":"closed","template":"","meta":{"_acf_changed":false,"site-sidebar-layout":"no-sidebar","site-content-layout":"page-builder","ast-site-content-layout":"full-width-container","site-content-style":"unboxed","site-sidebar-style":"unboxed","ast-global-header-display":"","ast-banner-title-visibility":"","ast-main-header-display":"","ast-hfb-above-header-display":"","ast-hfb-below-header-display":"","ast-hfb-mobile-header-display":"","site-post-title":"disabled","ast-breadcrumbs-content":"","ast-featured-img":"disabled","footer-sml-layout":"","ast-disable-related-posts":"","theme-transparent-header-meta":"default","adv-header-id-meta":"","stick-header-meta":"","header-above-stick-meta":"","header-main-stick-meta":"","header-below-stick-meta":"","astra-migrate-meta-layouts":"set","ast-page-background-enabled":"default","ast-page-background-meta":{"desktop":{"background-color":"","background-image":"","background-repeat":"repeat","background-position":"center center","background-size":"auto","background-attachment":"scroll","background-type":"","background-media":"","overlay-type":"","overlay-color":"","overlay-opacity":"","overlay-gradient":""},"tablet":{"background-color":"","background-image":"","background-repeat":"repeat","background-position":"center center","background-size":"auto","background-attachment":"scroll","background-type":"","background-media":"","overlay-type":"","overlay-color":"","overlay-opacity":"","overlay-gradient":""},"mobile":{"background-color":"","background-image":"","background-repeat":"repeat","background-position":"center center","background-size":"auto","background-attachment":"scroll","background-type":"","background-media":"","overlay-type":"","overlay-color":"","overlay-opacity":"","overlay-gradient":""}},"ast-content-background-meta":{"desktop":{"background-color":"var(--ast-global-color-5)","background-image":"","background-repeat":"repeat","background-position":"center center","background-size":"auto","background-attachment":"scroll","background-type":"","background-media":"","overlay-type":"","overlay-color":"","overlay-opacity":"","overlay-gradient":""},"tablet":{"background-color":"var(--ast-global-color-5)","background-image":"","background-repeat":"repeat","background-position":"center center","background-size":"auto","background-attachment":"scroll","background-type":"","background-media":"","overlay-type":"","overlay-color":"","overlay-opacity":"","overlay-gradient":""},"mobile":{"background-color":"var(--ast-global-color-5)","background-image":"","background-repeat":"repeat","background-position":"center center","background-size":"auto","background-attachment":"scroll","background-type":"","background-media":"","overlay-type":"","overlay-color":"","overlay-opacity":"","overlay-gradient":""}},"footnotes":""},"categories":[],"tags":[],"plus":[],"content_typ":[],"layoutvorlage":[],"class_list":["post-4271","page","type-page","status-publish","has-post-thumbnail","hentry"],"acf":[],"_links":{"self":[{"href":"https:\/\/barc.com\/de\/wp-json\/wp\/v2\/pages\/4271","targetHints":{"allow":["GET"]}}],"collection":[{"href":"https:\/\/barc.com\/de\/wp-json\/wp\/v2\/pages"}],"about":[{"href":"https:\/\/barc.com\/de\/wp-json\/wp\/v2\/types\/page"}],"author":[{"embeddable":true,"href":"https:\/\/barc.com\/de\/wp-json\/wp\/v2\/users\/2"}],"replies":[{"embeddable":true,"href":"https:\/\/barc.com\/de\/wp-json\/wp\/v2\/comments?post=4271"}],"version-history":[{"count":5,"href":"https:\/\/barc.com\/de\/wp-json\/wp\/v2\/pages\/4271\/revisions"}],"predecessor-version":[{"id":147559,"href":"https:\/\/barc.com\/de\/wp-json\/wp\/v2\/pages\/4271\/revisions\/147559"}],"wp:featuredmedia":[{"embeddable":true,"href":"https:\/\/barc.com\/de\/wp-json\/wp\/v2\/media\/40917"}],"wp:attachment":[{"href":"https:\/\/barc.com\/de\/wp-json\/wp\/v2\/media?parent=4271"}],"wp:term":[{"taxonomy":"category","embeddable":true,"href":"https:\/\/barc.com\/de\/wp-json\/wp\/v2\/categories?post=4271"},{"taxonomy":"post_tag","embeddable":true,"href":"https:\/\/barc.com\/de\/wp-json\/wp\/v2\/tags?post=4271"},{"taxonomy":"plus","embeddable":true,"href":"https:\/\/barc.com\/de\/wp-json\/wp\/v2\/plus?post=4271"},{"taxonomy":"content_typ","embeddable":true,"href":"https:\/\/barc.com\/de\/wp-json\/wp\/v2\/content_typ?post=4271"},{"taxonomy":"layoutvorlage","embeddable":true,"href":"https:\/\/barc.com\/de\/wp-json\/wp\/v2\/layoutvorlage?post=4271"}],"curies":[{"name":"wp","href":"https:\/\/api.w.org\/{rel}","templated":true}]}}