{"id":722,"date":"2020-11-11T10:41:27","date_gmt":"2020-11-11T10:41:27","guid":{"rendered":"https:\/\/barc.com\/?page_id=722"},"modified":"2022-11-16T07:49:31","modified_gmt":"2022-11-16T07:49:31","slug":"agbs","status":"publish","type":"page","link":"https:\/\/barc.com\/de\/agbs\/","title":{"rendered":"AGBs"},"content":{"rendered":"\t\t<div data-elementor-type=\"wp-page\" data-elementor-id=\"722\" class=\"elementor elementor-722\" data-elementor-settings=\"{&quot;element_pack_global_tooltip_width&quot;:{&quot;unit&quot;:&quot;px&quot;,&quot;size&quot;:&quot;&quot;,&quot;sizes&quot;:[]},&quot;element_pack_global_tooltip_width_tablet&quot;:{&quot;unit&quot;:&quot;px&quot;,&quot;size&quot;:&quot;&quot;,&quot;sizes&quot;:[]},&quot;element_pack_global_tooltip_width_mobile&quot;:{&quot;unit&quot;:&quot;px&quot;,&quot;size&quot;:&quot;&quot;,&quot;sizes&quot;:[]},&quot;element_pack_global_tooltip_padding&quot;:{&quot;unit&quot;:&quot;px&quot;,&quot;top&quot;:&quot;&quot;,&quot;right&quot;:&quot;&quot;,&quot;bottom&quot;:&quot;&quot;,&quot;left&quot;:&quot;&quot;,&quot;isLinked&quot;:true},&quot;element_pack_global_tooltip_padding_tablet&quot;:{&quot;unit&quot;:&quot;px&quot;,&quot;top&quot;:&quot;&quot;,&quot;right&quot;:&quot;&quot;,&quot;bottom&quot;:&quot;&quot;,&quot;left&quot;:&quot;&quot;,&quot;isLinked&quot;:true},&quot;element_pack_global_tooltip_padding_mobile&quot;:{&quot;unit&quot;:&quot;px&quot;,&quot;top&quot;:&quot;&quot;,&quot;right&quot;:&quot;&quot;,&quot;bottom&quot;:&quot;&quot;,&quot;left&quot;:&quot;&quot;,&quot;isLinked&quot;:true},&quot;element_pack_global_tooltip_border_radius&quot;:{&quot;unit&quot;:&quot;px&quot;,&quot;top&quot;:&quot;&quot;,&quot;right&quot;:&quot;&quot;,&quot;bottom&quot;:&quot;&quot;,&quot;left&quot;:&quot;&quot;,&quot;isLinked&quot;:true},&quot;element_pack_global_tooltip_border_radius_tablet&quot;:{&quot;unit&quot;:&quot;px&quot;,&quot;top&quot;:&quot;&quot;,&quot;right&quot;:&quot;&quot;,&quot;bottom&quot;:&quot;&quot;,&quot;left&quot;:&quot;&quot;,&quot;isLinked&quot;:true},&quot;element_pack_global_tooltip_border_radius_mobile&quot;:{&quot;unit&quot;:&quot;px&quot;,&quot;top&quot;:&quot;&quot;,&quot;right&quot;:&quot;&quot;,&quot;bottom&quot;:&quot;&quot;,&quot;left&quot;:&quot;&quot;,&quot;isLinked&quot;:true}}\" data-elementor-post-type=\"page\">\n\t\t\t\t\t\t<section class=\"ob-is-breaking-bad elementor-section elementor-top-section elementor-element elementor-element-01f2534 elementor-section-boxed elementor-section-height-default elementor-section-height-default\" data-id=\"01f2534\" data-element_type=\"section\" data-e-type=\"section\" data-settings=\"{&quot;_ob_bbad_use_it&quot;:&quot;yes&quot;,&quot;_ob_bbad_sssic_use&quot;:&quot;no&quot;}\">\n\t\t\t\t\t\t<div class=\"elementor-container elementor-column-gap-default\">\n\t\t\t\t\t<div class=\"elementor-column elementor-col-100 elementor-top-column elementor-element elementor-element-48a5503 dont-break-out\" data-id=\"48a5503\" data-element_type=\"column\" data-e-type=\"column\" data-settings=\"{&quot;_ob_bbad_is_stalker&quot;:&quot;no&quot;}\">\n\t\t\t<div class=\"elementor-widget-wrap elementor-element-populated\">\n\t\t\t\t\t\t<div class=\"elementor-element elementor-element-6d8422a elementor-widget elementor-widget-text-editor\" data-id=\"6d8422a\" data-element_type=\"widget\" data-e-type=\"widget\" id=\"agbs-shop\" data-settings=\"{&quot;_ob_postman_use&quot;:&quot;no&quot;,&quot;_ob_widget_stalker_use&quot;:&quot;no&quot;}\" data-widget_type=\"text-editor.default\">\n\t\t\t\t<div class=\"elementor-widget-container\">\n\t\t\t\t\t\t\t\t\t<h1><strong>Allgemeine Gesch\u00e4ftsbedingungen f\u00fcr den Kauf in unserem Online Shop<\/strong><\/h1><h2>\u00a7 1 Geltung, Begriffsdefinitionen<\/h2><p>(1) BARC GmbH, Berliner Platz 7, 97080 W\u00fcrzburg, Deutschland, Deutschland (im Folgenden: \u201ewir\u201c oder \u201eBARC Online Shop\u201c) betreibt unter der Webseite https:\/\/barc.de einen Online-Shop f\u00fcr Waren, Digitale G\u00fcter und Dienstleistungen. Die nachfolgenden Allgemeinen Gesch\u00e4ftsbedingungen gelten f\u00fcr alle Leistungen zwischen uns und unseren Kunden (im Folgenden: \u201eKunde\u201c oder \u201eSie\u201c) in ihrer zum Zeitpunkt der Bestellung g\u00fcltigen Fassung, soweit nicht etwas anderes ausdr\u00fccklich vereinbart wurde. Umfasst die Bestellung auch Beratungsdienstleistungen und\/oder den Erwerb von Studien und\/oder unser Abonnement BARC+, gelten insoweit erg\u00e4nzend unsere <a href=\"https:\/\/barc.com\/de\/spezielle-agbs\/\">speziellen AGBs<\/a>. Ebenso gelten unsere <a href=\"https:\/\/barc.com\/de\/spezielle-agbs\/\">speziellen AGBs<\/a><u>,<\/u> soweit die Bestellung die Teilnahme an Veranstaltungen umfasst.<\/p><p>(2) Die Angebote in unserem Online-Shop richten sich ausschlie\u00dflich an Unternehmer im Sinne des \u00a7 14 BGB. Mit seiner jeweiligen Bestellung best\u00e4tigt der Kunde, diesem Personenkreis anzugeh\u00f6ren. \u201eUnternehmer\u201c ist eine nat\u00fcrliche oder juristische Person oder eine rechtsf\u00e4hige Personengesellschaft, die bei Abschluss eines Rechtsgesch\u00e4fts in Aus\u00fcbung ihrer gewerblichen oder selbst\u00e4ndigen beruflichen T\u00e4tigkeit handelt, wobei eine rechtsf\u00e4hige Personengesellschaft eine Personengesellschaft ist, die mit der F\u00e4higkeit ausgestattet ist, Rechte zu erwerben und Verbindlichkeiten einzugehen.<\/p><h2>\u00a7 2 Zustandekommen der Vertr\u00e4ge, Speicherung des Vertragstextes<\/h2><p>(1) Die folgenden Regelungen \u00fcber den Vertragsabschluss gelten f\u00fcr Bestellungen \u00fcber unseren Online-Shop unter https:\/\/barc.de.<\/p><p>(2) Unsere Produktdarstellungen im Internet sind unverbindlich und kein verbindliches Angebot zum Abschluss eines Vertrages.<\/p><p>(3) Bei Eingang einer Bestellung in unserem Online-Shop gelten folgende Regelungen: Der Kunde gibt ein bindendes Vertragsangebot ab, indem er die in unserem Online-Shop vorgesehene Bestellprozedur erfolgreich durchl\u00e4uft. Die Bestellung erfolgt in folgenden Schritten:<\/p><ol><li>Auswahl der gew\u00fcnschten Ware, der digitalen G\u00fcter, der gew\u00e4hlten Dienstleistung(en),<\/li><li>Hinzuf\u00fcgen der Produkte durch Anklicken des entsprechenden Buttons (z.B. \u201eIn den Warenkorb\u201c, \u201eIn die Einkaufstasche\u201c o.\u00e4.),<\/li><li>Pr\u00fcfung der Angaben im Warenkorb,<\/li><li>Aufrufen der Bestell\u00fcbersicht durch Anklicken des entsprechenden Buttons (z.B. \u201eWeiter zur Kasse\u201c, \u201eWeiter zur Zahlung\u201c, \u201eZur Bestell\u00fcbersicht\u201c o.\u00e4.),<\/li><li>Eingabe\/Pr\u00fcfung der Adress- und Kontaktdaten, Auswahl der Zahlungsart, Best\u00e4tigung der AGB,<\/li><li>Sofern die vereinbarte Beschaffenheit der Ware von deren \u00fcblichen Beschaffenheit und Verwendungsvoraussetzungen abweicht, Best\u00e4tigung einer negativen Beschaffenheitsvereinbarung,<\/li><li>Abschluss der Bestellung durch Bet\u00e4tigung des Buttons \u201eJetzt bestellen\u201c. Dies stellt Ihre verbindliche Bestellung dar.<\/li><li>Der Vertrag kommt zustande, indem Ihnen innerhalb von drei Werktagen an die angegebene E-Mail-Adresse eine Bestellbest\u00e4tigung von uns zugeht.<\/li><\/ol><p>(4) Im Falle des Vertragsschlusses kommt der Vertrag mit der BARC GmbH, Berliner Platz 7, 97080 W\u00fcrzburg, Deutschland, Deutschland zustande.<\/p><p>(5) Vor der Bestellung k\u00f6nnen die Vertragsdaten \u00fcber die Druckfunktion des Browsers ausgedruckt oder elektronisch gesichert werden. Die Abwicklung der Bestellung und \u00dcbermittlung aller im Zusammenhang mit dem Vertragsschluss erforderlichen Informationen, insbesondere der Bestelldaten und der AGB, erfolgt per E-Mail nach dem Ausl\u00f6sen der Bestellung durch Sie, zum Teil automatisiert. Wir speichern den Vertragstext nach Vertragsschluss nicht.<\/p><p>(6) Eingabefehler k\u00f6nnen mittels der \u00fcblichen Tastatur-, Maus- und Browser-Funktionen (z.B. \u00bbZur\u00fcck-Button\u00ab des Browsers) berichtigt werden. Sie k\u00f6nnen auch dadurch berichtigt werden, dass Sie den Bestellvorgang vorzeitig abbrechen, das Browserfenster schlie\u00dfen und den Vorgang wiederholen.<\/p><p>(7) Die Abwicklung der Bestellung und \u00dcbermittlung aller im Zusammenhang mit dem Vertragsschluss erforderlichen Informationen erfolgt per E-Mail zum Teil automatisiert. Sie haben deshalb sicherzustellen, dass die von Ihnen bei uns hinterlegte E-Mail-Adresse zutreffend ist, der Empfang der E-Mails technisch sichergestellt und insbesondere nicht durch SPAM-Filter verhindert wird.<\/p><h2>\u00a7 3 Gegenstand des Vertrages und wesentliche Merkmale der Produkte<\/h2><p>(1) Bei unserem Online-Shop ist Vertragsgegenstand:<\/p><ol><li>Der Verkauf von Waren. Die konkret angebotenen Waren k\u00f6nnen Sie unseren Artikelseiten entnehmen.<\/li><li>Der Verkauf von digitalen G\u00fctern, z.B. Software oder Mediendownloads. Die konkret angebotenen digitalen G\u00fcter k\u00f6nnen Sie unseren Artikelseiten entnehmen.<\/li><li>Die Erbringung von Dienstleistungen. Die konkret angebotenen Dienstleistungen k\u00f6nnen Sie unseren Artikelseiten entnehmen.<\/li><\/ol><p>(2) Die wesentlichen Merkmale der Ware, digitalen G\u00fcter und Dienstleistungen finden sich in der Artikelbeschreibung. Sofern die vereinbarte Beschaffenheit der Ware von deren \u00fcblichen Beschaffenheit und Verwendungsvoraussetzungen abweicht, wird darauf in der Artikelbeschreibung ausdr\u00fccklich hingewiesen (negative Beschaffenheitsvereinbarung). Soweit der Kunde seine ausdr\u00fcckliche Einwilligung in die negative Beschaffenheitsabweichung erteilt hat, definiert diese den Vertragsgegenstand.<\/p><p>(3) F\u00fcr den Verkauf digitaler Produkte gelten die aus der Produktbeschreibung ersichtlichen oder sich sonst aus den Umst\u00e4nden ergebenden Beschr\u00e4nkungen, insbesondere zu Hard- und\/oder Softwareanforderungen an die Zielumgebung. Wenn nicht ausdr\u00fccklich etwas anderes vereinbart ist, ist Vertragsgegenstand nur die private und gewerbliche Nutzung der Produkte ohne das Recht zur Weiterver\u00e4u\u00dferung oder Unterlizensierung.<\/p><h2>\u00a7<strong>\u00a04 Preise, Versandkosten und Lieferung<\/strong><\/h2><p>(1) Die in den jeweiligen Angeboten angef\u00fchrten Preise sowie die Versandkosten sind Gesamtpreise und beinhalten alle Preisbestandteile einschlie\u00dflich aller anfallenden Steuern.<\/p><p>(2) Der jeweilige Kaufpreis ist vor der Lieferung des Produktes zu leisten (Vorkasse), es sei denn, wir bieten ausdr\u00fccklich den Kauf auf Rechnung an. Die Ihnen zur Verf\u00fcgung stehenden Zahlungsarten sind unter einer entsprechend bezeichneten Schaltfl\u00e4che im Online-Shop oder im jeweiligen Angebot ausgewiesen. Soweit bei den einzelnen Zahlungsarten nicht anders angegeben, sind die Zahlungsanspr\u00fcche sofort zur Zahlung f\u00e4llig.<\/p><p>(3) Zus\u00e4tzlich zu den angegebenen Preisen k\u00f6nnen f\u00fcr die Lieferung von Produkten Versandkosten anfallen, sofern der jeweilige Artikel nicht als versandkostenfrei ausgewiesen ist. Die Versandkosten werden Ihnen auf den Angeboten, ggf. im Warenkorbsystem und auf der Bestell\u00fcbersicht nochmals deutlich mitgeteilt.<\/p><h2>\u00a7 5 Aktualisierungen, Updates, Mitwirkungspflichten<\/h2><p>Der Kunde ist verpflichtet, gegebenenfalls bereitgestellte Updates sachgem\u00e4\u00df nach der Installationsanleitung zu installieren.<\/p><h2><strong>\u00a7 6 Zur\u00fcckbehaltungsrecht, Eigentumsvorbehalt<\/strong><\/h2><p>(1) Ein Zur\u00fcckbehaltungsrecht k\u00f6nnen Sie nur aus\u00fcben, soweit es sich um Forderungen aus demselben Vertragsverh\u00e4ltnis handelt.<\/p><p>(2) Die Ware bleibt bis zur vollst\u00e4ndigen Zahlung des Kaufpreises unser Eigentum.<\/p><h2>\u00a7 7 Haftung<\/h2><p>(1) Vorbehaltlich der nachfolgenden Ausnahmen ist unsere Haftung f\u00fcr vertragliche Pflichtverletzungen sowie aus unerlaubter Handlung auf Vorsatz oder grobe Fahrl\u00e4ssigkeit beschr\u00e4nkt.<\/p><p>(2) Wir haften bei leichter Fahrl\u00e4ssigkeit im Falle der Verletzung des Lebens, des K\u00f6rpers, der Gesundheit oder bei Verletzung einer vertragswesentlichen Pflicht unbeschr\u00e4nkt. Wenn wir durch leichte Fahrl\u00e4ssigkeit mit der Leistung in Verzug geraten sind, wenn die Leistung unm\u00f6glich geworden ist oder wenn wir eine vertragswesentliche Pflicht verletzt haben, ist die Haftung f\u00fcr darauf zur\u00fcckzuf\u00fchrende Sach- und Verm\u00f6genssch\u00e4den auf den <strong>vertragstypisch vorhersehbaren Schaden<\/strong> begrenzt. Eine vertragswesentliche Pflicht ist eine solche, deren Erf\u00fcllung die ordnungsgem\u00e4\u00dfe Durchf\u00fchrung des Vertrages \u00fcberhaupt erst erm\u00f6glicht, deren Verletzung die Erreichung des Vertragszwecks gef\u00e4hrdet und auf deren Einhaltung Sie regelm\u00e4\u00dfig vertrauen d\u00fcrfen. Dazu geh\u00f6rt insbesondere unsere Pflicht zum T\u00e4tigwerden und der Erf\u00fcllung der vertraglich geschuldeten Leistung, die in \u00a7 3 beschrieben wird.<\/p><p>(3) Unterl\u00e4sst es der Kunde beim Kauf einer Ware mit digitalen Elementen oder beim Kauf digitaler Produkte (digitale Inhalte und Dienstleistungen), eine Aktualisierung, die ihm bereitgestellt und \u00fcber deren Verf\u00fcgbarkeit er informiert worden ist, innerhalb einer angemessenen Frist zu installieren, so haften wir nicht f\u00fcr einen Sachmangel, der allein auf das Fehlen dieser Aktualisierung zur\u00fcckzuf\u00fchren ist.<\/p><h2>\u00a7 8 Vertragssprache<\/h2><p>Als Vertragssprache steht ausschlie\u00dflich Deutsch zur Verf\u00fcgung.<\/p><h2>\u00a7 9 Gew\u00e4hrleistung<\/h2><p>(1) Die Gew\u00e4hrleistung richtet sich nach den gesetzlichen Bestimmungen.<\/p><p>(2) Hiervon ausgenommen betr\u00e4gt die Gew\u00e4hrleistungsfrist auf gelieferte Sachen 12 Monate.<\/p><h2>\u00a7 10 Schlussbestimmungen\/Streitbeilegung<\/h2><p>(1) Es gilt deutsches Recht.<\/p><p>(2) Die Bestimmungen des UN-Kaufrechts finden ausdr\u00fccklich keine Anwendung.<\/p><p>(3) Sofern es sich beim Kunden um einen Kaufmann, eine juristische Person des \u00f6ffentlichen Rechts oder um ein \u00f6ffentlich-rechtliches Sonderverm\u00f6gen handelt, ist Gerichtsstand f\u00fcr alle Streitigkeiten aus Vertragsverh\u00e4ltnissen zwischen dem Kunden und dem Anbieter der Sitz des Anbieters.<\/p>\t\t\t\t\t\t\t\t<\/div>\n\t\t\t\t<\/div>\n\t\t\t\t<div class=\"elementor-element elementor-element-aa8e739 elementor-widget elementor-widget-text-editor\" data-id=\"aa8e739\" data-element_type=\"widget\" data-e-type=\"widget\" data-settings=\"{&quot;_ob_postman_use&quot;:&quot;no&quot;,&quot;_ob_widget_stalker_use&quot;:&quot;no&quot;}\" data-widget_type=\"text-editor.default\">\n\t\t\t\t<div class=\"elementor-widget-container\">\n\t\t\t\t\t\t\t\t\t<p><strong><a href=\"https:\/\/barc.com\/de\/spezielle-agbs\/\">Hier finden Sie unsere speziellen AGBs f\u00fcr Veranstaltungen, Beratungsleistungen, BARC+ und Studien<\/a><\/strong><\/p>\t\t\t\t\t\t\t\t<\/div>\n\t\t\t\t<\/div>\n\t\t\t\t\t<\/div>\n\t\t<\/div>\n\t\t\t\t\t<\/div>\n\t\t<\/section>\n\t\t\t\t<\/div>\n\t\t","protected":false},"excerpt":{"rendered":"<p>Allgemeine Gesch\u00e4ftsbedingungen f\u00fcr den Kauf in unserem Online Shop \u00a7 1 Geltung, Begriffsdefinitionen (1) BARC GmbH, Berliner Platz 7, 97080 W\u00fcrzburg, Deutschland, Deutschland (im Folgenden: \u201ewir\u201c oder \u201eBARC Online Shop\u201c) betreibt unter der Webseite https:\/\/barc.de einen Online-Shop f\u00fcr Waren, Digitale G\u00fcter und Dienstleistungen. Die nachfolgenden Allgemeinen Gesch\u00e4ftsbedingungen gelten f\u00fcr alle Leistungen zwischen uns und unseren [&hellip;]<\/p>\n","protected":false},"author":2,"featured_media":40917,"parent":0,"menu_order":0,"comment_status":"closed","ping_status":"closed","template":"","meta":{"_acf_changed":false,"site-sidebar-layout":"no-sidebar","site-content-layout":"page-builder","ast-site-content-layout":"default","site-content-style":"default","site-sidebar-style":"default","ast-global-header-display":"","ast-banner-title-visibility":"","ast-main-header-display":"","ast-hfb-above-header-display":"","ast-hfb-below-header-display":"","ast-hfb-mobile-header-display":"","site-post-title":"disabled","ast-breadcrumbs-content":"","ast-featured-img":"disabled","footer-sml-layout":"","ast-disable-related-posts":"","theme-transparent-header-meta":"default","adv-header-id-meta":"","stick-header-meta":"default","header-above-stick-meta":"","header-main-stick-meta":"","header-below-stick-meta":"","astra-migrate-meta-layouts":"default","ast-page-background-enabled":"default","ast-page-background-meta":{"desktop":{"background-color":"","background-image":"","background-repeat":"repeat","background-position":"center center","background-size":"auto","background-attachment":"scroll","background-type":"","background-media":"","overlay-type":"","overlay-color":"","overlay-opacity":"","overlay-gradient":""},"tablet":{"background-color":"","background-image":"","background-repeat":"repeat","background-position":"center center","background-size":"auto","background-attachment":"scroll","background-type":"","background-media":"","overlay-type":"","overlay-color":"","overlay-opacity":"","overlay-gradient":""},"mobile":{"background-color":"","background-image":"","background-repeat":"repeat","background-position":"center center","background-size":"auto","background-attachment":"scroll","background-type":"","background-media":"","overlay-type":"","overlay-color":"","overlay-opacity":"","overlay-gradient":""}},"ast-content-background-meta":{"desktop":{"background-color":"var(--ast-global-color-5)","background-image":"","background-repeat":"repeat","background-position":"center center","background-size":"auto","background-attachment":"scroll","background-type":"","background-media":"","overlay-type":"","overlay-color":"","overlay-opacity":"","overlay-gradient":""},"tablet":{"background-color":"var(--ast-global-color-5)","background-image":"","background-repeat":"repeat","background-position":"center center","background-size":"auto","background-attachment":"scroll","background-type":"","background-media":"","overlay-type":"","overlay-color":"","overlay-opacity":"","overlay-gradient":""},"mobile":{"background-color":"var(--ast-global-color-5)","background-image":"","background-repeat":"repeat","background-position":"center center","background-size":"auto","background-attachment":"scroll","background-type":"","background-media":"","overlay-type":"","overlay-color":"","overlay-opacity":"","overlay-gradient":""}},"footnotes":""},"categories":[],"tags":[],"plus":[],"content_typ":[],"layoutvorlage":[],"class_list":["post-722","page","type-page","status-publish","has-post-thumbnail","hentry"],"acf":[],"_links":{"self":[{"href":"https:\/\/barc.com\/de\/wp-json\/wp\/v2\/pages\/722","targetHints":{"allow":["GET"]}}],"collection":[{"href":"https:\/\/barc.com\/de\/wp-json\/wp\/v2\/pages"}],"about":[{"href":"https:\/\/barc.com\/de\/wp-json\/wp\/v2\/types\/page"}],"author":[{"embeddable":true,"href":"https:\/\/barc.com\/de\/wp-json\/wp\/v2\/users\/2"}],"replies":[{"embeddable":true,"href":"https:\/\/barc.com\/de\/wp-json\/wp\/v2\/comments?post=722"}],"version-history":[{"count":1,"href":"https:\/\/barc.com\/de\/wp-json\/wp\/v2\/pages\/722\/revisions"}],"predecessor-version":[{"id":118683,"href":"https:\/\/barc.com\/de\/wp-json\/wp\/v2\/pages\/722\/revisions\/118683"}],"wp:featuredmedia":[{"embeddable":true,"href":"https:\/\/barc.com\/de\/wp-json\/wp\/v2\/media\/40917"}],"wp:attachment":[{"href":"https:\/\/barc.com\/de\/wp-json\/wp\/v2\/media?parent=722"}],"wp:term":[{"taxonomy":"category","embeddable":true,"href":"https:\/\/barc.com\/de\/wp-json\/wp\/v2\/categories?post=722"},{"taxonomy":"post_tag","embeddable":true,"href":"https:\/\/barc.com\/de\/wp-json\/wp\/v2\/tags?post=722"},{"taxonomy":"plus","embeddable":true,"href":"https:\/\/barc.com\/de\/wp-json\/wp\/v2\/plus?post=722"},{"taxonomy":"content_typ","embeddable":true,"href":"https:\/\/barc.com\/de\/wp-json\/wp\/v2\/content_typ?post=722"},{"taxonomy":"layoutvorlage","embeddable":true,"href":"https:\/\/barc.com\/de\/wp-json\/wp\/v2\/layoutvorlage?post=722"}],"curies":[{"name":"wp","href":"https:\/\/api.w.org\/{rel}","templated":true}]}}