{"id":723,"date":"2020-11-11T10:41:33","date_gmt":"2020-11-11T10:41:33","guid":{"rendered":"https:\/\/barc.com\/?page_id=723"},"modified":"2026-01-23T14:48:47","modified_gmt":"2026-01-23T14:48:47","slug":"impressum","status":"publish","type":"page","link":"https:\/\/barc.com\/de\/impressum\/","title":{"rendered":"Impressum"},"content":{"rendered":"\t\t<div data-elementor-type=\"wp-page\" data-elementor-id=\"723\" class=\"elementor elementor-723\" data-elementor-settings=\"{&quot;element_pack_global_tooltip_width&quot;:{&quot;unit&quot;:&quot;px&quot;,&quot;size&quot;:&quot;&quot;,&quot;sizes&quot;:[]},&quot;element_pack_global_tooltip_width_tablet&quot;:{&quot;unit&quot;:&quot;px&quot;,&quot;size&quot;:&quot;&quot;,&quot;sizes&quot;:[]},&quot;element_pack_global_tooltip_width_mobile&quot;:{&quot;unit&quot;:&quot;px&quot;,&quot;size&quot;:&quot;&quot;,&quot;sizes&quot;:[]},&quot;element_pack_global_tooltip_padding&quot;:{&quot;unit&quot;:&quot;px&quot;,&quot;top&quot;:&quot;&quot;,&quot;right&quot;:&quot;&quot;,&quot;bottom&quot;:&quot;&quot;,&quot;left&quot;:&quot;&quot;,&quot;isLinked&quot;:true},&quot;element_pack_global_tooltip_padding_tablet&quot;:{&quot;unit&quot;:&quot;px&quot;,&quot;top&quot;:&quot;&quot;,&quot;right&quot;:&quot;&quot;,&quot;bottom&quot;:&quot;&quot;,&quot;left&quot;:&quot;&quot;,&quot;isLinked&quot;:true},&quot;element_pack_global_tooltip_padding_mobile&quot;:{&quot;unit&quot;:&quot;px&quot;,&quot;top&quot;:&quot;&quot;,&quot;right&quot;:&quot;&quot;,&quot;bottom&quot;:&quot;&quot;,&quot;left&quot;:&quot;&quot;,&quot;isLinked&quot;:true},&quot;element_pack_global_tooltip_border_radius&quot;:{&quot;unit&quot;:&quot;px&quot;,&quot;top&quot;:&quot;&quot;,&quot;right&quot;:&quot;&quot;,&quot;bottom&quot;:&quot;&quot;,&quot;left&quot;:&quot;&quot;,&quot;isLinked&quot;:true},&quot;element_pack_global_tooltip_border_radius_tablet&quot;:{&quot;unit&quot;:&quot;px&quot;,&quot;top&quot;:&quot;&quot;,&quot;right&quot;:&quot;&quot;,&quot;bottom&quot;:&quot;&quot;,&quot;left&quot;:&quot;&quot;,&quot;isLinked&quot;:true},&quot;element_pack_global_tooltip_border_radius_mobile&quot;:{&quot;unit&quot;:&quot;px&quot;,&quot;top&quot;:&quot;&quot;,&quot;right&quot;:&quot;&quot;,&quot;bottom&quot;:&quot;&quot;,&quot;left&quot;:&quot;&quot;,&quot;isLinked&quot;:true}}\" data-elementor-post-type=\"page\">\n\t\t\t\t\t\t<section class=\"ob-is-breaking-bad elementor-section elementor-top-section elementor-element elementor-element-ecd4bd2 elementor-section-boxed elementor-section-height-default elementor-section-height-default\" data-id=\"ecd4bd2\" data-element_type=\"section\" data-e-type=\"section\" data-settings=\"{&quot;_ob_bbad_use_it&quot;:&quot;yes&quot;,&quot;_ob_bbad_sssic_use&quot;:&quot;no&quot;}\">\n\t\t\t\t\t\t<div class=\"elementor-container elementor-column-gap-default\">\n\t\t\t\t\t<div class=\"elementor-column elementor-col-100 elementor-top-column elementor-element elementor-element-646f88a\" data-id=\"646f88a\" data-element_type=\"column\" data-e-type=\"column\" data-settings=\"{&quot;_ob_bbad_is_stalker&quot;:&quot;no&quot;}\">\n\t\t\t<div class=\"elementor-widget-wrap elementor-element-populated\">\n\t\t\t\t\t\t<div class=\"elementor-element elementor-element-184f012 bullet nounderlinelink elementor-widget elementor-widget-text-editor\" data-id=\"184f012\" data-element_type=\"widget\" data-e-type=\"widget\" data-settings=\"{&quot;_ob_postman_use&quot;:&quot;no&quot;,&quot;_ob_widget_stalker_use&quot;:&quot;no&quot;}\" data-widget_type=\"text-editor.default\">\n\t\t\t\t<div class=\"elementor-widget-container\">\n\t\t\t\t\t\t\t\t\t<h1>Impressum<\/h1><p>BARC GmbH<\/p><p>Berliner Platz 7<br \/>97080 W\u00fcrzburg<br \/>Deutschland<br \/>Tel.: +49 931 880651-0<br \/>Fax: +49 931 880651-28<br \/>E-Mail:\u00a0<a href=\"mailto:info@barc.de\">info@barc.de<\/a><br \/>Internet:\u00a0<a href=\"https:\/\/barc.com\/de\">www.barc.com\/de<\/a><\/p><p><strong>\u00d6sterreichische Repr\u00e4sentanz:<\/strong><\/p><p>BARC GmbH<\/p><p>Hirschstettner Stra\u00dfe 19 \/ I \/ IS314<br \/>A-1220 Wien<br \/>Tel.: +43 660 6366870<br \/>E-Mail:\u00a0<a href=\"mailto:info@barc.at\">info@barc.at<\/a><br \/>Internet: <a href=\"https:\/\/barc.com\/de\">www.barc.com\/de<\/a><\/p><p><strong>Schweizerische Repr\u00e4sentanz:<\/strong><\/p><p>BARC GmbH<\/p><p><span data-teams=\"true\">Buchhaldenstrasse 7<\/span><br \/><span data-teams=\"true\">CH-5442 Fislisbach<\/span><br \/>Tel. <span data-teams=\"true\">+41 76 340 35 16<\/span><br \/>E-Mail:\u00a0<a href=\"mailto:info@barc.ch\">info@barc.ch<\/a><br \/>Internet: <a href=\"https:\/\/barc.com\/de\">www.barc.com\/de<\/a><\/p><p><strong>US-amerikanische Repr\u00e4sentanz:<\/strong><\/p><p>BARC US<br \/>13463 Falls Drive\u200b<br \/>Broomfield, CO. 80020\u200b<br \/>USA<br \/>E-Mail:\u00a0<a href=\"mailto:info@barc.com\">info@barc.com<\/a><br \/>Internet: <a href=\"https:\/\/barc.com\/\">www.barc.com<\/a><\/p><p>Umsatzsteuer-Identifikationsnummer gem\u00e4\u00df \u00a7 27 a Umsatzsteuergesetz:<br \/>DE 215592933<br \/>Vertretungsberechtigter Gesch\u00e4ftsf\u00fchrer:<br \/>Dr. Carsten Bange<br \/>Amtsgericht: W\u00fcrzburg | HRB 7415<\/p><p>Bildnachweis:<br \/><a href=\"http:\/\/www.istockphoto.com\/\" rel=\"noopener\">iStockphoto LP<\/a><\/p><h2>Nutzungsbedingungen<\/h2><p>Durch das Zugreifen auf und das Verwenden der Website der BARC GmbH erkennen Sie die nachfolgend aufgef\u00fchrten Nutzungsbedingungen uneingeschr\u00e4nkt und in ihrem gesamten Umfang an.<\/p><h2>Nutzungsverbote<\/h2><p>Sie d\u00fcrfen unsere Website ausschlie\u00dflich im gesetzlich zul\u00e4ssigen Rahmen nutzen. Es ist untersagt, unsere Website zu nutzen:<\/p><ul><li>um in jedweder Art und Weise gegen geltende lokale, nationale oder internationale Gesetze oder Vorschriften zu versto\u00dfen;<\/li><li>um in jedweder Art und Weise ungesetzlich oder betr\u00fcgerisch zu handeln, oder einen ungesetzlichen oder betr\u00fcgerischen Zweck oder Effekt zu verfolgen;<\/li><li>um Minderj\u00e4hrigen zu schaden oder dies in jedweder Weise zu versuchen;<\/li><li>um Materialien zu versenden, wissentlich zu empfangen, hochzuladen, herunterzuladen, zu verwenden oder wiederzuverwenden, die unseren nachfolgend ausgef\u00fchrten Inhaltsstandards nicht entsprechen;<\/li><li>um unaufgefordert oder unberechtigt Werbe- oder Promotionsmaterial oder jede andere Form \u00e4hnlicher Mitteilungen (Spam) zu \u00fcbermitteln oder einen Versand solcher Materialien herbeizuf\u00fchren;<\/li><li>um wissentlich Daten zu \u00fcbermitteln, oder Materialien zu versenden oder hochzuladen, die Viren, Trojaner, W\u00fcrmer, Zeitbomben, Keylogger, Spyware, Adware oder andere Schadprogramme oder \u00e4hnlichen Computercode enthalten, der darauf abzielt, den Betrieb von Computer-Software oder -Hardware negativ zu beeintr\u00e4chtigen.<\/li><\/ul><p>\u00a0Au\u00dferdem erkl\u00e4ren Sie sich damit einverstanden:<\/p><ul><li>keinen Teil unserer Website entgegen diesen Nutzungsbedingungen zu reproduzieren, zu duplizieren, zu kopieren oder weiterzuverkaufen;<\/li><li>nicht unberechtigt auf beliebige Teile unserer Website; Ger\u00e4te oder Netzwerke, auf und in denen unsere Website gespeichert ist; auf Software, die zur Bereitstellung unserer Website verwendet wird; oder auf andere Ger\u00e4te, Netzwerke oder Software in unserem Besitz oder im Besitz von Dritten zuzugreifen, st\u00f6rend auf diese einzuwirken, sie zu besch\u00e4digen oder eine Unterbrechung zu verursachen.<\/li><\/ul><h2>Zugriff auf die Website<\/h2><p>Wir behalten uns das Recht vor, den Service, den wir auf unserer Website anbieten, ohne Ank\u00fcndigung zu beenden oder zu \u00e4ndern.<br \/>Wir \u00fcbernehmen keine Haftung, sollte unsere Website aus beliebigem Grund zu einem beliebigen Zeitpunkt oder f\u00fcr einen beliebigen Zeitraum nicht verf\u00fcgbar sein.<\/p><p>Wenn Sie im Rahmen unserer Sicherheitsvorkehrungen einen Benutzercode, ein Passwort oder eine andere Information w\u00e4hlen oder erhalten, sind Sie verpflichtet, diese Informationen vertraulich zu behandeln und d\u00fcrfen sie nicht an Dritte weitergeben. Wir behalten uns das Recht vor, alle Benutzercodes oder Passw\u00f6rter, ob von Ihnen gew\u00e4hlt oder von uns vergeben, jederzeit zu deaktivieren, wenn Sie unserer Meinung nach gegen eine Regelung dieser Nutzungsbedingungen versto\u00dfen haben.<\/p><h2>Informationen auf der Website der BARC GmbH<\/h2><p>Die BARC GmbH bem\u00fcht sich nach besten Kr\u00e4ften, auf der Website stets korrekte und aktuelle Informationen f\u00fcr den Nutzer bereitzustellen.<\/p><p>Dennoch \u00fcbernimmt die BARC GmbH keine Gew\u00e4hr f\u00fcr die Eignung, Richtigkeit und Vollst\u00e4ndigkeit der auf der Website enthaltenen Daten, Inhalte und Materialien; dies gilt insbesondere f\u00fcr Informationen bez\u00fcglich unserer Produkte, Stellen- und Praktikumsangebote sowie Adressen. All diese Informationen werden ohne Gew\u00e4hr und Garantien jeglicher Art bereitgestellt.<\/p><p>Die BARC GmbH haftet unter keinen Umst\u00e4nden f\u00fcr direkte, indirekte oder Folgesch\u00e4den, die aus der Nutzung der auf der BARC-Website zur Verf\u00fcgung gestellten Informationen erwachsen.<\/p><p>Die BARC GmbH beh\u00e4lt sich das Recht vor, die Website und\/oder enthaltene Informationen jederzeit ohne vorherige Ank\u00fcndigung zu ver\u00e4ndern oder deren Betrieb einstellen und\/oder Informationen l\u00f6schen. BARC ist nicht verpflichtet, die Inhalte dieser Website zu aktualisieren.<\/p><h2>Urheberrechte<\/h2><p>\u00a9 BARC<br \/>Diese gesamte Website unterliegt der internationalen Gesetzgebung zu Urheber-, Marken- und anderen Gesetzen zum Schutze geistigen Eigentums, sowohl was deren Form (redaktionelle Entscheidungen, Layout, Themen, M\u00f6glichkeiten des Datenzugriffs, Anzeige etc.) wie auch was ihren Inhalt betrifft (Texte, Bilder, Grafiken, Ton-, Video- und Animationsdateien etc.). Die auf dieser Website angezeigten Inhalte sind alleiniges Eigentum der BARC GmbH bzw. der jeweiligen Mitwirkenden.<\/p><p>Jede Reproduktion, Repr\u00e4sentation, Verbreitung oder Weiterverbreitung, ob im Ganzen oder in Teilen, der Inhalte und Materialien dieser Website in jedem beliebigen Medium oder jeder beliebigen Form (insbesondere Caching, Framing), sowie Verkauf, Weiterverkauf, Weiter\u00fcbertragung oder jede andere Handlung, die darauf abzielt, solche Inhalte in jedweder Art und Weise Dritten zug\u00e4nglich zu machen, sind ohne schriftliche Genehmigung der BARC GmbH untersagt.<\/p><h2>Hyperlinks von und zu anderen Websites<\/h2><h3>Verlinkung auf unsere Website<\/h3><p>Sie k\u00f6nnen auf unsere Homepage verlinken, sofern Sie dies auf eine Art und Weise tun, die fair und gesetzeskonform ist und weder unseren Ruf sch\u00e4digt, noch sich durch ihn einen Vorteil verschafft; dabei d\u00fcrfen Sie diesen Link nicht so setzen, dass er auf eine Verbindung zu, Zustimmung oder Empfehlung von uns schlie\u00dfen l\u00e4sst, wo eine solche nicht vorhanden ist.<\/p><p>Unsere Website darf nicht in Form von Frames auf einer anderen Website eingebunden werden. Ebenso behalten wir uns das Recht vor, die Genehmigung zur Verlinkung ohne Vorank\u00fcndigung zu widerrufen. Die Website, von der aus Sie verlinken, muss in jeder Hinsicht den Inhaltsstandards unserer Nutzungsbedingungen entsprechen, die Sie auf dieser Seite einsehen k\u00f6nnen.<\/p><p>Wenn Sie Material von unserer Website in anderen als den vorstehend beschriebenen Formen nutzen m\u00f6chten, richten Sie bitte eine Anfrage an:\u00a0<a href=\"mailto:info@barc.de\">info@barc.de<\/a><\/p><h3>Verlinkung von unserer Website<\/h3><p>Alle auf dieser Website enthaltenen Links auf andere Websites und Ressourcen Dritter werden ausschlie\u00dflich zu Ihrer Information angeboten. Bei dem Inhalt der verlinkten Seiten handelt es sich um fremde Inhalte, die die BARC GmbH weder ausgew\u00e4hlt noch ver\u00e4ndert hat. Wir haben keine Kontrolle \u00fcber die Inhalte dieser Websites oder Ressourcen und \u00fcbernehmen keine Haftung f\u00fcr sie, oder f\u00fcr Verluste oder direkte oder indirekte Sch\u00e4den, die Ihnen aus ihrer Nutzung entstehen k\u00f6nnten. Der Zugriff auf solche Websites geschieht auf eigene Gefahr. BARC distanziert sich ausdr\u00fccklich von allen Inhalten, die m\u00f6glicherweise straf- oder haftungsrechtlich relevant sind oder gegen die guten Sitten versto\u00dfen.<\/p><h2>Haftung<\/h2><p>Zugang und Benutzung der Website geschehen auf eigene Gefahr des Nutzers. Soweit gesetzlich zul\u00e4ssig, schlie\u00dfen wir, andere Mitglieder unserer Unternehmensgruppe und mit uns verbundene Dritte hiermit jegliche Haftung f\u00fcr direkte, indirekte, zuf\u00e4llige, vorab konkret zu bestimmende oder Folgesch\u00e4den oder Verluste, die einem Nutzer in Verbindung mit unserer Website oder in Verbindung mit der Nutzung, nicht m\u00f6glichen Nutzung oder den Ergebnissen der Nutzung unserer Website, mit ihr verlinkten Websites und allen auf ihr bereitgestellten Materialien entstehen, ausdr\u00fccklich aus.<\/p><h2>Anwendbares Recht<\/h2><p>Diese Nutzungsbedingungen und alle Rechtsstreitigkeiten oder Forderungen, die sich aus ihnen oder im Zusammenhang mit ihnen, ihrem Inhalt oder ihrer Form ergeben unterliegen deutschem Recht.<\/p><p>Datum: 1. Januar 2022<\/p><p>Diese Website wird regelm\u00e4\u00dfig aktualisiert und die Nutzungsbedingungen k\u00f6nnen ge\u00e4ndert werden.<\/p>\t\t\t\t\t\t\t\t<\/div>\n\t\t\t\t<\/div>\n\t\t\t\t\t<\/div>\n\t\t<\/div>\n\t\t\t\t\t<\/div>\n\t\t<\/section>\n\t\t\t\t<\/div>\n\t\t","protected":false},"excerpt":{"rendered":"<p>Impressum BARC GmbH Berliner Platz 797080 W\u00fcrzburgDeutschlandTel.: +49 931 880651-0Fax: +49 931 880651-28E-Mail:\u00a0info@barc.deInternet:\u00a0www.barc.com\/de \u00d6sterreichische Repr\u00e4sentanz: BARC GmbH Hirschstettner Stra\u00dfe 19 \/ I \/ IS314A-1220 WienTel.: +43 660 6366870E-Mail:\u00a0info@barc.atInternet: www.barc.com\/de Schweizerische Repr\u00e4sentanz: BARC GmbH Buchhaldenstrasse 7CH-5442 FislisbachTel. +41 76 340 35 16E-Mail:\u00a0info@barc.chInternet: www.barc.com\/de US-amerikanische Repr\u00e4sentanz: BARC US13463 Falls Drive\u200bBroomfield, CO. 80020\u200bUSAE-Mail:\u00a0info@barc.comInternet: www.barc.com Umsatzsteuer-Identifikationsnummer gem\u00e4\u00df \u00a7 27 [&hellip;]<\/p>\n","protected":false},"author":2,"featured_media":40916,"parent":0,"menu_order":0,"comment_status":"closed","ping_status":"closed","template":"","meta":{"_acf_changed":false,"site-sidebar-layout":"no-sidebar","site-content-layout":"page-builder","ast-site-content-layout":"full-width-container","site-content-style":"unboxed","site-sidebar-style":"unboxed","ast-global-header-display":"","ast-banner-title-visibility":"","ast-main-header-display":"","ast-hfb-above-header-display":"","ast-hfb-below-header-display":"","ast-hfb-mobile-header-display":"","site-post-title":"disabled","ast-breadcrumbs-content":"","ast-featured-img":"disabled","footer-sml-layout":"","ast-disable-related-posts":"","theme-transparent-header-meta":"default","adv-header-id-meta":"","stick-header-meta":"default","header-above-stick-meta":"","header-main-stick-meta":"","header-below-stick-meta":"","astra-migrate-meta-layouts":"set","ast-page-background-enabled":"default","ast-page-background-meta":{"desktop":{"background-color":"","background-image":"","background-repeat":"repeat","background-position":"center center","background-size":"auto","background-attachment":"scroll","background-type":"","background-media":"","overlay-type":"","overlay-color":"","overlay-opacity":"","overlay-gradient":""},"tablet":{"background-color":"","background-image":"","background-repeat":"repeat","background-position":"center center","background-size":"auto","background-attachment":"scroll","background-type":"","background-media":"","overlay-type":"","overlay-color":"","overlay-opacity":"","overlay-gradient":""},"mobile":{"background-color":"","background-image":"","background-repeat":"repeat","background-position":"center center","background-size":"auto","background-attachment":"scroll","background-type":"","background-media":"","overlay-type":"","overlay-color":"","overlay-opacity":"","overlay-gradient":""}},"ast-content-background-meta":{"desktop":{"background-color":"var(--ast-global-color-5)","background-image":"","background-repeat":"repeat","background-position":"center center","background-size":"auto","background-attachment":"scroll","background-type":"","background-media":"","overlay-type":"","overlay-color":"","overlay-opacity":"","overlay-gradient":""},"tablet":{"background-color":"var(--ast-global-color-5)","background-image":"","background-repeat":"repeat","background-position":"center center","background-size":"auto","background-attachment":"scroll","background-type":"","background-media":"","overlay-type":"","overlay-color":"","overlay-opacity":"","overlay-gradient":""},"mobile":{"background-color":"var(--ast-global-color-5)","background-image":"","background-repeat":"repeat","background-position":"center center","background-size":"auto","background-attachment":"scroll","background-type":"","background-media":"","overlay-type":"","overlay-color":"","overlay-opacity":"","overlay-gradient":""}},"footnotes":""},"categories":[],"tags":[],"plus":[],"content_typ":[],"layoutvorlage":[],"class_list":["post-723","page","type-page","status-publish","has-post-thumbnail","hentry"],"acf":[],"_links":{"self":[{"href":"https:\/\/barc.com\/de\/wp-json\/wp\/v2\/pages\/723","targetHints":{"allow":["GET"]}}],"collection":[{"href":"https:\/\/barc.com\/de\/wp-json\/wp\/v2\/pages"}],"about":[{"href":"https:\/\/barc.com\/de\/wp-json\/wp\/v2\/types\/page"}],"author":[{"embeddable":true,"href":"https:\/\/barc.com\/de\/wp-json\/wp\/v2\/users\/2"}],"replies":[{"embeddable":true,"href":"https:\/\/barc.com\/de\/wp-json\/wp\/v2\/comments?post=723"}],"version-history":[{"count":4,"href":"https:\/\/barc.com\/de\/wp-json\/wp\/v2\/pages\/723\/revisions"}],"predecessor-version":[{"id":142789,"href":"https:\/\/barc.com\/de\/wp-json\/wp\/v2\/pages\/723\/revisions\/142789"}],"wp:featuredmedia":[{"embeddable":true,"href":"https:\/\/barc.com\/de\/wp-json\/wp\/v2\/media\/40916"}],"wp:attachment":[{"href":"https:\/\/barc.com\/de\/wp-json\/wp\/v2\/media?parent=723"}],"wp:term":[{"taxonomy":"category","embeddable":true,"href":"https:\/\/barc.com\/de\/wp-json\/wp\/v2\/categories?post=723"},{"taxonomy":"post_tag","embeddable":true,"href":"https:\/\/barc.com\/de\/wp-json\/wp\/v2\/tags?post=723"},{"taxonomy":"plus","embeddable":true,"href":"https:\/\/barc.com\/de\/wp-json\/wp\/v2\/plus?post=723"},{"taxonomy":"content_typ","embeddable":true,"href":"https:\/\/barc.com\/de\/wp-json\/wp\/v2\/content_typ?post=723"},{"taxonomy":"layoutvorlage","embeddable":true,"href":"https:\/\/barc.com\/de\/wp-json\/wp\/v2\/layoutvorlage?post=723"}],"curies":[{"name":"wp","href":"https:\/\/api.w.org\/{rel}","templated":true}]}}