{"id":101201,"date":"2024-04-25T06:42:17","date_gmt":"2024-04-25T06:42:17","guid":{"rendered":"https:\/\/barc.com\/?post_type=product&#038;p=101201"},"modified":"2025-12-05T09:37:40","modified_gmt":"2025-12-05T09:37:40","slug":"data-analytics-gehaltsstudie","status":"publish","type":"product","link":"https:\/\/barc.com\/de\/produkt\/data-analytics-gehaltsstudie\/","title":{"rendered":"BARC Data &#038; Analytics Gehaltsstudie 2024 \u2013 Premiumversion"},"content":{"rendered":"<p>Die BARC Gehaltsstudie Data &amp; Analytics 2024 untersucht die Gehaltsentwicklungen in der Data &amp; Analytics-Branche in Deutschland, \u00d6sterreich und der Schweiz. Die Datenbasis der Studie umfasst Antworten von 679 Fachleuten aus verschiedenen Branchen, Unternehmensarten und Regionen. Die Studie untersucht nicht nur Grundgeh\u00e4lter, sondern auch Bonuszahlungen und andere Verg\u00fctungen sowie Angaben zur Zufriedenheit und Rahmenbedingungen, um ein umfassendes Bild der aktuellen Landschaft zu zeichnen.<\/p>\n<p>Neben Analysen zu Unternehmensarten, Branchen, Unternehmensgr\u00f6\u00dfen und Bildungsgraden umfasst die Premiumversion der Studie auch eine detaillierte Analyse der Gehaltssituation verschiedener Data &amp; Analytics-Rollen und ist<a href=\"https:\/\/barc.com\/de\/produkt\/plus\/\"> exklusiv f\u00fcr Abonnenten von BARC+ erh\u00e4ltlich<\/a>.<\/p>\n","protected":false},"excerpt":{"rendered":"<p>Die Premiumversion der BARC Data &amp; Analytics Gehaltsstudie 2024 gibt Ihnen den kompletten \u00dcberblick \u00fcber die Verg\u00fctungslandschaft der Data &amp; Analytics-Branche in der DACH-Region inklusive detaillierter Analysen verschiedener Data &amp; Analytics-Rollen und ist exklusiv f\u00fcr Abonnenten von BARC+ erh\u00e4ltlich.<\/p>\n","protected":false},"featured_media":133507,"template":"","meta":{"_acf_changed":false,"site-sidebar-layout":"default","site-content-layout":"","ast-site-content-layout":"default","site-content-style":"default","site-sidebar-style":"default","ast-global-header-display":"","ast-banner-title-visibility":"","ast-main-header-display":"","ast-hfb-above-header-display":"","ast-hfb-below-header-display":"","ast-hfb-mobile-header-display":"","site-post-title":"","ast-breadcrumbs-content":"","ast-featured-img":"","footer-sml-layout":"","ast-disable-related-posts":"","theme-transparent-header-meta":"default","adv-header-id-meta":"","stick-header-meta":"","header-above-stick-meta":"","header-main-stick-meta":"","header-below-stick-meta":"","astra-migrate-meta-layouts":"set","ast-page-background-enabled":"default","ast-page-background-meta":{"desktop":{"background-color":"","background-image":"","background-repeat":"repeat","background-position":"center center","background-size":"auto","background-attachment":"scroll","background-type":"","background-media":"","overlay-type":"","overlay-color":"","overlay-opacity":"","overlay-gradient":""},"tablet":{"background-color":"","background-image":"","background-repeat":"repeat","background-position":"center center","background-size":"auto","background-attachment":"scroll","background-type":"","background-media":"","overlay-type":"","overlay-color":"","overlay-opacity":"","overlay-gradient":""},"mobile":{"background-color":"","background-image":"","background-repeat":"repeat","background-position":"center center","background-size":"auto","background-attachment":"scroll","background-type":"","background-media":"","overlay-type":"","overlay-color":"","overlay-opacity":"","overlay-gradient":""}},"ast-content-background-meta":{"desktop":{"background-color":"var(--ast-global-color-5)","background-image":"","background-repeat":"repeat","background-position":"center center","background-size":"auto","background-attachment":"scroll","background-type":"","background-media":"","overlay-type":"","overlay-color":"","overlay-opacity":"","overlay-gradient":""},"tablet":{"background-color":"var(--ast-global-color-5)","background-image":"","background-repeat":"repeat","background-position":"center center","background-size":"auto","background-attachment":"scroll","background-type":"","background-media":"","overlay-type":"","overlay-color":"","overlay-opacity":"","overlay-gradient":""},"mobile":{"background-color":"var(--ast-global-color-5)","background-image":"","background-repeat":"repeat","background-position":"center center","background-size":"auto","background-attachment":"scroll","background-type":"","background-media":"","overlay-type":"","overlay-color":"","overlay-opacity":"","overlay-gradient":""}}},"product_brand":[],"product_cat":[75],"product_tag":[],"layoutvorlage":[],"class_list":{"0":"post-101201","1":"product","2":"type-product","3":"status-publish","4":"has-post-thumbnail","6":"product_cat-empfohlen","7":"desktop-align-left","8":"tablet-align-left","9":"mobile-align-left","11":"first","12":"instock","13":"downloadable","14":"virtual","15":"taxable","16":"product-type-simple"},"bundled_by":[],"bundle_stock_status":"instock","bundle_stock_quantity":null,"bundle_virtual":false,"bundle_layout":"","bundle_add_to_cart_form_location":"","bundle_editable_in_cart":false,"bundle_sold_individually_context":"","bundle_item_grouping":"","bundle_min_size":"","bundle_max_size":"","bundle_price":[],"bundled_items":[],"bundle_sell_ids":[],"acf":[],"_links":{"self":[{"href":"https:\/\/barc.com\/de\/wp-json\/wp\/v2\/product\/101201","targetHints":{"allow":["GET"]}}],"collection":[{"href":"https:\/\/barc.com\/de\/wp-json\/wp\/v2\/product"}],"about":[{"href":"https:\/\/barc.com\/de\/wp-json\/wp\/v2\/types\/product"}],"version-history":[{"count":5,"href":"https:\/\/barc.com\/de\/wp-json\/wp\/v2\/product\/101201\/revisions"}],"predecessor-version":[{"id":101301,"href":"https:\/\/barc.com\/de\/wp-json\/wp\/v2\/product\/101201\/revisions\/101301"}],"wp:featuredmedia":[{"embeddable":true,"href":"https:\/\/barc.com\/de\/wp-json\/wp\/v2\/media\/133507"}],"wp:attachment":[{"href":"https:\/\/barc.com\/de\/wp-json\/wp\/v2\/media?parent=101201"}],"wp:term":[{"taxonomy":"product_brand","embeddable":true,"href":"https:\/\/barc.com\/de\/wp-json\/wp\/v2\/product_brand?post=101201"},{"taxonomy":"product_cat","embeddable":true,"href":"https:\/\/barc.com\/de\/wp-json\/wp\/v2\/product_cat?post=101201"},{"taxonomy":"product_tag","embeddable":true,"href":"https:\/\/barc.com\/de\/wp-json\/wp\/v2\/product_tag?post=101201"},{"taxonomy":"layoutvorlage","embeddable":true,"href":"https:\/\/barc.com\/de\/wp-json\/wp\/v2\/layoutvorlage?post=101201"}],"curies":[{"name":"wp","href":"https:\/\/api.w.org\/{rel}","templated":true}]}}