{"id":103716,"date":"2024-06-03T20:04:03","date_gmt":"2024-06-03T20:04:03","guid":{"rendered":"https:\/\/barc.com\/?post_type=product&#038;p=103716"},"modified":"2025-08-21T06:08:45","modified_gmt":"2025-08-21T06:08:45","slug":"planning-survey","status":"publish","type":"product","link":"https:\/\/barc.com\/de\/produkt\/planning-survey\/","title":{"rendered":"The Planning Survey 25"},"content":{"rendered":"<p>Der BARC Planning Survey liefert Entscheidungstr\u00e4gern, die auf der Suche nach einer neuen Planungssoftware sind, einen detaillierten Vergleich der marktf\u00fchrenden Planungs-, Budgetierungs- und Forecastingl\u00f6sungen. Die weltweite, j\u00e4hrlich durchgef\u00fchrte Studie ist die gr\u00f6\u00dfte Umfrage zur Nutzung von Planungs-, Budgetierungs- und Forecastingsoftware.<\/p>\n<p>Der Planning Survey besteht aus 3 Kernbestandteilen:<\/p>\n<h5>Das Results-Dokument<\/h5>\n<p>Eine Analyse der Kernergebnisse des Planning Survey und der Marktentwicklung. Die Analyse befasst sich mit Aspekten des Softwareauswahlprozesses, der Anwenderzufriedenheit sowie den Herausforderungen, mit denen User konfrontiert sind. Weiterhin wirft sie einen Blick auf die wichtigsten Markttrends, wie bspw. cloudbasierte Planung oder Predictive Planning und Forecasting. Auf Basis der Erkenntnisse werden f\u00fcr K\u00e4ufer von Planungs-, Budgetierungs- und Forecastingsoftware und f\u00fcr User bestehender L\u00f6sungen hilfreiche Ratschl\u00e4ge gegeben.<\/p>\n<h5 class=\"iconlist_title\">Die Vendor Performance Summaries<\/h5>\n<p>Eine detaillierte Zusammenfassung der Kernergebnisse zu allen Produkten, die im Planning Survey enthalten sind. Jede Vendor Performance Summary befasst sich mit einem einzelnen Produkt und enth\u00e4lt eine kurze Hersteller- und Produkt\u00fcbersicht sowie eine Zusammenfassung der relevanten produktbezogenen Ergebnisse aus der Studie und ausgew\u00e4hlte Kommentare von Anwendenden.<\/p>\n<h5>Der Analyzer<\/h5>\n<p>Erhalten Sie Zugang zu unserem umfangreichen interaktiven Online-Tool, mit dem Sie basierend auf dem vollst\u00e4ndigen Datensatz des Planning Survey Ihre eigenen Analysen durchf\u00fchren k\u00f6nnen. Der Analyzer gibt Ihnen die M\u00f6glichkeit, selbst tief in die Umfragedaten einzutauchen und genau die Informationen herauszufiltern, die Sie interessieren.<\/p>\n<p>Weitere Informationen zum Survey und seiner Methodik finden Sie <a href=\"https:\/\/barc.com\/about-the-planning-survey\/\">hier<\/a>.<\/p>\n","protected":false},"excerpt":{"rendered":"<p>Die weltweit gr\u00f6\u00dfte Umfrage zum Thema Unternehmensplanung. Finden Sie heraus, was User \u00fcber Planungsprodukte denken und welche Trends f\u00fcr Ihre Unternehmensplanung tats\u00e4chlich relevant sind.<\/p>\n","protected":false},"featured_media":132389,"template":"","meta":{"_acf_changed":false,"site-sidebar-layout":"default","site-content-layout":"","ast-site-content-layout":"default","site-content-style":"default","site-sidebar-style":"default","ast-global-header-display":"","ast-banner-title-visibility":"","ast-main-header-display":"","ast-hfb-above-header-display":"","ast-hfb-below-header-display":"","ast-hfb-mobile-header-display":"","site-post-title":"","ast-breadcrumbs-content":"","ast-featured-img":"","footer-sml-layout":"","ast-disable-related-posts":"","theme-transparent-header-meta":"default","adv-header-id-meta":"","stick-header-meta":"","header-above-stick-meta":"","header-main-stick-meta":"","header-below-stick-meta":"","astra-migrate-meta-layouts":"set","ast-page-background-enabled":"default","ast-page-background-meta":{"desktop":{"background-color":"","background-image":"","background-repeat":"repeat","background-position":"center center","background-size":"auto","background-attachment":"scroll","background-type":"","background-media":"","overlay-type":"","overlay-color":"","overlay-opacity":"","overlay-gradient":""},"tablet":{"background-color":"","background-image":"","background-repeat":"repeat","background-position":"center center","background-size":"auto","background-attachment":"scroll","background-type":"","background-media":"","overlay-type":"","overlay-color":"","overlay-opacity":"","overlay-gradient":""},"mobile":{"background-color":"","background-image":"","background-repeat":"repeat","background-position":"center center","background-size":"auto","background-attachment":"scroll","background-type":"","background-media":"","overlay-type":"","overlay-color":"","overlay-opacity":"","overlay-gradient":""}},"ast-content-background-meta":{"desktop":{"background-color":"var(--ast-global-color-5)","background-image":"","background-repeat":"repeat","background-position":"center center","background-size":"auto","background-attachment":"scroll","background-type":"","background-media":"","overlay-type":"","overlay-color":"","overlay-opacity":"","overlay-gradient":""},"tablet":{"background-color":"var(--ast-global-color-5)","background-image":"","background-repeat":"repeat","background-position":"center center","background-size":"auto","background-attachment":"scroll","background-type":"","background-media":"","overlay-type":"","overlay-color":"","overlay-opacity":"","overlay-gradient":""},"mobile":{"background-color":"var(--ast-global-color-5)","background-image":"","background-repeat":"repeat","background-position":"center center","background-size":"auto","background-attachment":"scroll","background-type":"","background-media":"","overlay-type":"","overlay-color":"","overlay-opacity":"","overlay-gradient":""}}},"product_brand":[],"product_cat":[65],"product_tag":[],"layoutvorlage":[],"class_list":{"0":"post-103716","1":"product","2":"type-product","3":"status-publish","4":"has-post-thumbnail","6":"product_cat-softwarevergleichsstudien","7":"desktop-align-left","8":"tablet-align-left","9":"mobile-align-left","11":"first","12":"instock","13":"downloadable","14":"virtual","15":"taxable","16":"purchasable","17":"product-type-simple"},"bundled_by":[],"bundle_stock_status":"instock","bundle_stock_quantity":null,"bundle_virtual":false,"bundle_layout":"","bundle_add_to_cart_form_location":"","bundle_editable_in_cart":false,"bundle_sold_individually_context":"","bundle_item_grouping":"","bundle_min_size":"","bundle_max_size":"","bundle_price":[],"bundled_items":[],"bundle_sell_ids":[],"acf":[],"_links":{"self":[{"href":"https:\/\/barc.com\/de\/wp-json\/wp\/v2\/product\/103716","targetHints":{"allow":["GET"]}}],"collection":[{"href":"https:\/\/barc.com\/de\/wp-json\/wp\/v2\/product"}],"about":[{"href":"https:\/\/barc.com\/de\/wp-json\/wp\/v2\/types\/product"}],"version-history":[{"count":4,"href":"https:\/\/barc.com\/de\/wp-json\/wp\/v2\/product\/103716\/revisions"}],"predecessor-version":[{"id":125221,"href":"https:\/\/barc.com\/de\/wp-json\/wp\/v2\/product\/103716\/revisions\/125221"}],"wp:featuredmedia":[{"embeddable":true,"href":"https:\/\/barc.com\/de\/wp-json\/wp\/v2\/media\/132389"}],"wp:attachment":[{"href":"https:\/\/barc.com\/de\/wp-json\/wp\/v2\/media?parent=103716"}],"wp:term":[{"taxonomy":"product_brand","embeddable":true,"href":"https:\/\/barc.com\/de\/wp-json\/wp\/v2\/product_brand?post=103716"},{"taxonomy":"product_cat","embeddable":true,"href":"https:\/\/barc.com\/de\/wp-json\/wp\/v2\/product_cat?post=103716"},{"taxonomy":"product_tag","embeddable":true,"href":"https:\/\/barc.com\/de\/wp-json\/wp\/v2\/product_tag?post=103716"},{"taxonomy":"layoutvorlage","embeddable":true,"href":"https:\/\/barc.com\/de\/wp-json\/wp\/v2\/layoutvorlage?post=103716"}],"curies":[{"name":"wp","href":"https:\/\/api.w.org\/{rel}","templated":true}]}}