{"id":111781,"date":"2026-03-16T07:54:14","date_gmt":"2026-03-16T07:54:14","guid":{"rendered":"https:\/\/barc.com\/?post_type=product&#038;p=111781"},"modified":"2026-03-18T07:36:36","modified_gmt":"2026-03-18T07:36:36","slug":"the-data-fabric-survey","status":"publish","type":"product","link":"https:\/\/barc.com\/de\/produkt\/the-data-fabric-survey\/","title":{"rendered":"The Data Fabric Survey 26"},"content":{"rendered":"<p>The Data Fabric Survey ist BARCs j\u00e4hrliche Studie \u00fcber den Markt f\u00fcr Datenmanagement-Software. Die Studie untersucht den Auswahlprozess und die Nutzung von Produkten im Hinblick auf ihre Funktionalit\u00e4t, Anwendungsbereiche und Benutzerfreundlichkeit.<\/p>\n<p>The Data Fabric Survey 26 basiert auf einer weltweiten Umfrage unter 776 Softwareanwendern, Beratenden und Anbietern, die von Februar 2025 bis September 2025 durchgef\u00fchrt wurde und besteht aus 3 Kernbestandteilen:<\/p>\n<h3>Das Results-Dokument<\/h3>\n<p>Dieses Dokument bietet einen \u00dcberblick \u00fcber die wichtigsten Erkenntnisse und Ergebnisse des Data Fabric Survey. Der Report befasst sich mit Herausforderungen der Datenlandschaften in Unternehmen, Ans\u00e4tzen zur Toolauswahl, aktuellen Trends im Datenmanagement und mehr.<\/p>\n<h3>Vendor Performance Summaries<\/h3>\n<p>Ausf\u00fchrliche Reports aller im Data Fabric Survey enthaltenen Produkte. Jeder Report befasst sich mit einem Produkt und enth\u00e4lt \u2026<\/p>\n<ul>\n<li>\u2026 eine Anbieter- und Produkt\u00fcbersicht des BARC-Analystenteams<\/li>\n<li>\u2026 von BARC kommentierte Anwenderbewertungen zu einer Vielzahl an Kenngr\u00f6\u00dfen (Kundenzufriedenheit, Kosten-Nutzen-Bewertungen, Funktionalit\u00e4t, Probleme, Kaufgr\u00fcnde etc.)<\/li>\n<li>\u2026 ausgew\u00e4hlte Anwenderkommentare zu St\u00e4rken und Schw\u00e4chen des Produkts.<\/li>\n<\/ul>\n<h3>Der Analyzer<\/h3>\n<p>Erhalten Sie Zugang zu unserem leistungsstarken interaktiven Online-Tool, mit dem Sie Ihre eigene individuelle Analyse des gesamten Umfragedatensatzes des Data Fabric Survey durchf\u00fchren k\u00f6nnen. Mit dem Analyzer k\u00f6nnen Sie die Umfragedaten auf verschiedenste Weisen analysieren. Der Analyzer gibt Ihnen die M\u00f6glichkeit, selbst tief in die Umfragedaten einzutauchen und genau die Informationen herauszufiltern, die Sie interessieren.<\/p>\n<p>Weitere Informationen zum Survey und seiner Methodik finden Sie <a href=\"https:\/\/barc.com\/about-the-data-fabric-survey\/\">hier<\/a>.<\/p>\n","protected":false},"excerpt":{"rendered":"<p>Basierend auf dem Feedback von \u00fcber 550 Endanwendern bietet der Data Fabric Survey Entscheidungstr\u00e4gern auf der Suche nach einer neuen Data Management-L\u00f6sung einen detaillierten Vergleich aktueller Data Management Tools.<\/p>\n","protected":false},"featured_media":132389,"template":"","meta":{"_acf_changed":false,"site-sidebar-layout":"default","site-content-layout":"default","ast-site-content-layout":"default","site-content-style":"default","site-sidebar-style":"default","ast-global-header-display":"","ast-banner-title-visibility":"","ast-main-header-display":"","ast-hfb-above-header-display":"","ast-hfb-below-header-display":"","ast-hfb-mobile-header-display":"","site-post-title":"","ast-breadcrumbs-content":"","ast-featured-img":"","footer-sml-layout":"","ast-disable-related-posts":"","theme-transparent-header-meta":"default","adv-header-id-meta":"","stick-header-meta":"","header-above-stick-meta":"","header-main-stick-meta":"","header-below-stick-meta":"","astra-migrate-meta-layouts":"set","ast-page-background-enabled":"default","ast-page-background-meta":{"desktop":{"background-color":"","background-image":"","background-repeat":"repeat","background-position":"center center","background-size":"auto","background-attachment":"scroll","background-type":"","background-media":"","overlay-type":"","overlay-color":"","overlay-opacity":"","overlay-gradient":""},"tablet":{"background-color":"","background-image":"","background-repeat":"repeat","background-position":"center center","background-size":"auto","background-attachment":"scroll","background-type":"","background-media":"","overlay-type":"","overlay-color":"","overlay-opacity":"","overlay-gradient":""},"mobile":{"background-color":"","background-image":"","background-repeat":"repeat","background-position":"center center","background-size":"auto","background-attachment":"scroll","background-type":"","background-media":"","overlay-type":"","overlay-color":"","overlay-opacity":"","overlay-gradient":""}},"ast-content-background-meta":{"desktop":{"background-color":"var(--ast-global-color-5)","background-image":"","background-repeat":"repeat","background-position":"center center","background-size":"auto","background-attachment":"scroll","background-type":"","background-media":"","overlay-type":"","overlay-color":"","overlay-opacity":"","overlay-gradient":""},"tablet":{"background-color":"var(--ast-global-color-5)","background-image":"","background-repeat":"repeat","background-position":"center center","background-size":"auto","background-attachment":"scroll","background-type":"","background-media":"","overlay-type":"","overlay-color":"","overlay-opacity":"","overlay-gradient":""},"mobile":{"background-color":"var(--ast-global-color-5)","background-image":"","background-repeat":"repeat","background-position":"center center","background-size":"auto","background-attachment":"scroll","background-type":"","background-media":"","overlay-type":"","overlay-color":"","overlay-opacity":"","overlay-gradient":""}}},"product_brand":[],"product_cat":[65,580],"product_tag":[],"layoutvorlage":[],"class_list":{"0":"post-111781","1":"product","2":"type-product","3":"status-publish","4":"has-post-thumbnail","6":"product_cat-softwarevergleichsstudien","7":"product_cat-data-management","8":"desktop-align-left","9":"tablet-align-left","10":"mobile-align-left","12":"first","13":"instock","14":"downloadable","15":"virtual","16":"taxable","17":"purchasable","18":"product-type-simple"},"bundled_by":[],"bundle_stock_status":"instock","bundle_stock_quantity":null,"bundle_virtual":false,"bundle_layout":"","bundle_add_to_cart_form_location":"","bundle_editable_in_cart":false,"bundle_sold_individually_context":"","bundle_item_grouping":"","bundle_min_size":"","bundle_max_size":"","bundle_price":[],"bundled_items":[],"bundle_sell_ids":[],"acf":[],"_links":{"self":[{"href":"https:\/\/barc.com\/de\/wp-json\/wp\/v2\/product\/111781","targetHints":{"allow":["GET"]}}],"collection":[{"href":"https:\/\/barc.com\/de\/wp-json\/wp\/v2\/product"}],"about":[{"href":"https:\/\/barc.com\/de\/wp-json\/wp\/v2\/types\/product"}],"version-history":[{"count":5,"href":"https:\/\/barc.com\/de\/wp-json\/wp\/v2\/product\/111781\/revisions"}],"predecessor-version":[{"id":147445,"href":"https:\/\/barc.com\/de\/wp-json\/wp\/v2\/product\/111781\/revisions\/147445"}],"wp:featuredmedia":[{"embeddable":true,"href":"https:\/\/barc.com\/de\/wp-json\/wp\/v2\/media\/132389"}],"wp:attachment":[{"href":"https:\/\/barc.com\/de\/wp-json\/wp\/v2\/media?parent=111781"}],"wp:term":[{"taxonomy":"product_brand","embeddable":true,"href":"https:\/\/barc.com\/de\/wp-json\/wp\/v2\/product_brand?post=111781"},{"taxonomy":"product_cat","embeddable":true,"href":"https:\/\/barc.com\/de\/wp-json\/wp\/v2\/product_cat?post=111781"},{"taxonomy":"product_tag","embeddable":true,"href":"https:\/\/barc.com\/de\/wp-json\/wp\/v2\/product_tag?post=111781"},{"taxonomy":"layoutvorlage","embeddable":true,"href":"https:\/\/barc.com\/de\/wp-json\/wp\/v2\/layoutvorlage?post=111781"}],"curies":[{"name":"wp","href":"https:\/\/api.w.org\/{rel}","templated":true}]}}