{"id":114659,"date":"2024-11-07T07:48:19","date_gmt":"2024-11-07T07:48:19","guid":{"rendered":"https:\/\/barc.com\/?post_type=product&#038;p=114659"},"modified":"2025-08-22T10:36:45","modified_gmt":"2025-08-22T10:36:45","slug":"service-provider-markt-dach","status":"publish","type":"product","link":"https:\/\/barc.com\/de\/produkt\/service-provider-markt-dach\/","title":{"rendered":"The Market for Data &#038; Analytics Service Providers in DACH \u2013 Trends &#038; Developments in 2024"},"content":{"rendered":"<p>In der Studie werden fokussiert das Segment der D&amp;A Spezialisten analysiert, die sich auf dieses Gebiet fokussiert haben. Dabei werden 317 Unternehmen in unterschiedlichen Gr\u00f6\u00dfenklassen, fachlichen Schwerpunkten und Regionen im Detail analysiert.<\/p>\n<p>Damit hilft diese Studie beim Analysieren und Erkennen aktueller Trends im Markt. Es gibt wesentlich mehr Dienstleistungsunternehmen als Produktanbieter \u2013 und daher k\u00f6nnen dort mehr Datenpunkte (die aktuelle Ausgabe unserer Datenbank enth\u00e4lt mehr als 30.000 allein \u00fcber den DACH-Markt) gesammelt werden, die R\u00fcckschl\u00fcsse auf den Gesamtmarkt f\u00fcr Data &amp; Analytics erlauben.<\/p>\n<p>Weiters ist diese Studie eine sehr n\u00fctzliche Hilfe f\u00fcr Dienstleistungsunternehmen, die ihre eigenen Aktivit\u00e4ten mit ihren Peers vergleichen und Erkenntnisse f\u00fcr ihre Unternehmensstrategie und insbesondere auch das Marketing gewinnen wollen. Deswegen wird f\u00fcr diese Zielgruppe die Studie auch komplett personalisiert ausgeliefert, das bedeutet die \u00dcbersichtstabellen (Top X) enthalten zus\u00e4tzlich die Position des eigenen Unternehmens nach Gr\u00f6\u00dfenklasse und Peer Group.<\/p>\n<p>In der Ausgabe f\u00fcr 2024 ist die Studie auf \u00fcber 40 Seiten angewachsen.<\/p>\n<p>F\u00fcr Investoren und Anbieter, die nach passenden Partnerschaften im deutschsprachigen Raum suchen ist optional auch die Datenbank (ohne pers\u00f6nliche Daten) getrennt erh\u00e4ltlich. Diese erm\u00f6glicht nach umfassenden Kriterien eine freie Suche in der Liste der 317 spezialisierten Dienstleistungsunternehmen.<\/p>\n","protected":false},"excerpt":{"rendered":"<p>BARC untersucht seit 2022 den Markt f\u00fcr Dienstleistungen im Bereich Data &amp; Analytics (D&amp;A) im Detail. Basis der Untersuchung ist die \u201eBARC Service Provider Database\u201c, die knapp 500 Unternehmen f\u00fcr den DACH-Raum enth\u00e4lt, die D&amp;A-Dienstleistungen am deutschsprachigen Markt anbieten. Diese Studie hilft beim Analysieren und Erkennen aktueller Trends im Markt.<\/p>\n","protected":false},"featured_media":133509,"template":"","meta":{"_acf_changed":false,"site-sidebar-layout":"no-sidebar","site-content-layout":"page-builder","ast-site-content-layout":"full-width-container","site-content-style":"unboxed","site-sidebar-style":"unboxed","ast-global-header-display":"","ast-banner-title-visibility":"","ast-main-header-display":"","ast-hfb-above-header-display":"","ast-hfb-below-header-display":"","ast-hfb-mobile-header-display":"","site-post-title":"disabled","ast-breadcrumbs-content":"","ast-featured-img":"disabled","footer-sml-layout":"","ast-disable-related-posts":"","theme-transparent-header-meta":"default","adv-header-id-meta":"","stick-header-meta":"","header-above-stick-meta":"","header-main-stick-meta":"","header-below-stick-meta":"","astra-migrate-meta-layouts":"set","ast-page-background-enabled":"default","ast-page-background-meta":{"desktop":{"background-color":"","background-image":"","background-repeat":"repeat","background-position":"center center","background-size":"auto","background-attachment":"scroll","background-type":"","background-media":"","overlay-type":"","overlay-color":"","overlay-opacity":"","overlay-gradient":""},"tablet":{"background-color":"","background-image":"","background-repeat":"repeat","background-position":"center center","background-size":"auto","background-attachment":"scroll","background-type":"","background-media":"","overlay-type":"","overlay-color":"","overlay-opacity":"","overlay-gradient":""},"mobile":{"background-color":"","background-image":"","background-repeat":"repeat","background-position":"center center","background-size":"auto","background-attachment":"scroll","background-type":"","background-media":"","overlay-type":"","overlay-color":"","overlay-opacity":"","overlay-gradient":""}},"ast-content-background-meta":{"desktop":{"background-color":"var(--ast-global-color-5)","background-image":"","background-repeat":"repeat","background-position":"center center","background-size":"auto","background-attachment":"scroll","background-type":"","background-media":"","overlay-type":"","overlay-color":"","overlay-opacity":"","overlay-gradient":""},"tablet":{"background-color":"var(--ast-global-color-5)","background-image":"","background-repeat":"repeat","background-position":"center center","background-size":"auto","background-attachment":"scroll","background-type":"","background-media":"","overlay-type":"","overlay-color":"","overlay-opacity":"","overlay-gradient":""},"mobile":{"background-color":"var(--ast-global-color-5)","background-image":"","background-repeat":"repeat","background-position":"center center","background-size":"auto","background-attachment":"scroll","background-type":"","background-media":"","overlay-type":"","overlay-color":"","overlay-opacity":"","overlay-gradient":""}}},"product_brand":[],"product_cat":[75],"product_tag":[],"layoutvorlage":[],"class_list":{"0":"post-114659","1":"product","2":"type-product","3":"status-publish","4":"has-post-thumbnail","6":"product_cat-empfohlen","7":"desktop-align-left","8":"tablet-align-left","9":"mobile-align-left","11":"first","12":"instock","13":"virtual","14":"taxable","15":"purchasable","16":"product-type-simple"},"bundled_by":[],"bundle_stock_status":"instock","bundle_stock_quantity":null,"bundle_virtual":false,"bundle_layout":"","bundle_add_to_cart_form_location":"","bundle_editable_in_cart":false,"bundle_sold_individually_context":"","bundle_item_grouping":"","bundle_min_size":"","bundle_max_size":"","bundle_price":[],"bundled_items":[],"bundle_sell_ids":[],"acf":[],"_links":{"self":[{"href":"https:\/\/barc.com\/de\/wp-json\/wp\/v2\/product\/114659","targetHints":{"allow":["GET"]}}],"collection":[{"href":"https:\/\/barc.com\/de\/wp-json\/wp\/v2\/product"}],"about":[{"href":"https:\/\/barc.com\/de\/wp-json\/wp\/v2\/types\/product"}],"version-history":[{"count":4,"href":"https:\/\/barc.com\/de\/wp-json\/wp\/v2\/product\/114659\/revisions"}],"predecessor-version":[{"id":114711,"href":"https:\/\/barc.com\/de\/wp-json\/wp\/v2\/product\/114659\/revisions\/114711"}],"wp:featuredmedia":[{"embeddable":true,"href":"https:\/\/barc.com\/de\/wp-json\/wp\/v2\/media\/133509"}],"wp:attachment":[{"href":"https:\/\/barc.com\/de\/wp-json\/wp\/v2\/media?parent=114659"}],"wp:term":[{"taxonomy":"product_brand","embeddable":true,"href":"https:\/\/barc.com\/de\/wp-json\/wp\/v2\/product_brand?post=114659"},{"taxonomy":"product_cat","embeddable":true,"href":"https:\/\/barc.com\/de\/wp-json\/wp\/v2\/product_cat?post=114659"},{"taxonomy":"product_tag","embeddable":true,"href":"https:\/\/barc.com\/de\/wp-json\/wp\/v2\/product_tag?post=114659"},{"taxonomy":"layoutvorlage","embeddable":true,"href":"https:\/\/barc.com\/de\/wp-json\/wp\/v2\/layoutvorlage?post=114659"}],"curies":[{"name":"wp","href":"https:\/\/api.w.org\/{rel}","templated":true}]}}