{"id":119965,"date":"2025-02-26T12:53:21","date_gmt":"2025-02-26T12:53:21","guid":{"rendered":"https:\/\/barc.com\/?post_type=product&#038;p=119965"},"modified":"2026-03-18T13:23:44","modified_gmt":"2026-03-18T13:23:44","slug":"service-provider-survey","status":"publish","type":"product","link":"https:\/\/barc.com\/de\/produkt\/service-provider-survey\/","title":{"rendered":"The Data &#038; Analytics Service Provider Survey 26"},"content":{"rendered":"<p>Der Data &amp; Analytics Service Provider Survey ist eine j\u00e4hrliche Umfrage von BARC \u00fcber Anbieter von Data &amp; Analytics-Dienstleistungen. Basierend auf einer Stichprobe von rund 900 Antworten bietet die Studie ein un\u00fcbertroffenes Ma\u00df an Kundenfeedback zu Themen wie Projektnutzen, Weiterempfehlung und Kundenzufriedenheit.<\/p>\n<p>Der Survey besteht aus 3 Kernbestandteilen:<\/p>\n<h3>Das Results-Dokument<\/h3>\n<p>Eine Analyse der Kernergebnisse des Data &amp; Analytics Service Provider Survey. Die Analyse zeigt, nach welchen Kriterien Unternehmen Data &amp; Analytics Service Provider ausw\u00e4hlen und welches die f\u00fchrenden Anbieter sind.<\/p>\n<h3>Die Vendor Performance Summaries<\/h3>\n<p>Eine detaillierte Zusammenfassung der Kernergebnisse zu allen Dienstleistungsanbietern, die im Data &amp; Analytics Service Provider Survey enthalten sind. Jedes Vendor Performance Summary gibt einen \u00dcberblick \u00fcber die detaillierten Ergebnisse des jeweiligen Service Providers im Data &amp; Analytics Service Provider Survey.<\/p>\n<h3>Der Analyzer<\/h3>\n<p>F\u00fcr Unternehmen, die einen tieferen Einblick in die Daten des Data &amp; Analytics Service Provider Survey erlangen wollen, um Dienstleistungsanbieter im Detail zu vergleichen, bieten wir den Analyzer an. Einer der gr\u00f6\u00dften Vorteile ist die M\u00f6glichkeit, die Umfragedaten nach Ihrer eigenen Liste an Service Providern zu filtern. Mit dieser Funktion k\u00f6nnen Sie sich auf die Ergebnisse der Service Provider fokussieren, die Sie interessant finden und schnelle Vergleiche zwischen den verschiedenen Anbietern anstellen.<\/p>\n<p>Weitere Informationen zum Survey und seiner Methodik finden Sie <a href=\"https:\/\/barc.com\/de\/research\/uber-the-data-analytics-service-provider-survey\/\">hier<\/a>.<\/p>\n","protected":false},"excerpt":{"rendered":"<p>Treffen Sie Ihre Entscheidung f\u00fcr einen Data &amp; Analytics Service Provider nicht, ohne die St\u00e4rken und Schw\u00e4chen verschiedener Dienstleister zu kennen!<\/p>\n","protected":false},"featured_media":132389,"template":"","meta":{"_acf_changed":false,"site-sidebar-layout":"default","site-content-layout":"","ast-site-content-layout":"default","site-content-style":"default","site-sidebar-style":"default","ast-global-header-display":"","ast-banner-title-visibility":"","ast-main-header-display":"","ast-hfb-above-header-display":"","ast-hfb-below-header-display":"","ast-hfb-mobile-header-display":"","site-post-title":"","ast-breadcrumbs-content":"","ast-featured-img":"","footer-sml-layout":"","ast-disable-related-posts":"","theme-transparent-header-meta":"default","adv-header-id-meta":"","stick-header-meta":"","header-above-stick-meta":"","header-main-stick-meta":"","header-below-stick-meta":"","astra-migrate-meta-layouts":"set","ast-page-background-enabled":"default","ast-page-background-meta":{"desktop":{"background-color":"","background-image":"","background-repeat":"repeat","background-position":"center center","background-size":"auto","background-attachment":"scroll","background-type":"","background-media":"","overlay-type":"","overlay-color":"","overlay-opacity":"","overlay-gradient":""},"tablet":{"background-color":"","background-image":"","background-repeat":"repeat","background-position":"center center","background-size":"auto","background-attachment":"scroll","background-type":"","background-media":"","overlay-type":"","overlay-color":"","overlay-opacity":"","overlay-gradient":""},"mobile":{"background-color":"","background-image":"","background-repeat":"repeat","background-position":"center center","background-size":"auto","background-attachment":"scroll","background-type":"","background-media":"","overlay-type":"","overlay-color":"","overlay-opacity":"","overlay-gradient":""}},"ast-content-background-meta":{"desktop":{"background-color":"var(--ast-global-color-5)","background-image":"","background-repeat":"repeat","background-position":"center center","background-size":"auto","background-attachment":"scroll","background-type":"","background-media":"","overlay-type":"","overlay-color":"","overlay-opacity":"","overlay-gradient":""},"tablet":{"background-color":"var(--ast-global-color-5)","background-image":"","background-repeat":"repeat","background-position":"center center","background-size":"auto","background-attachment":"scroll","background-type":"","background-media":"","overlay-type":"","overlay-color":"","overlay-opacity":"","overlay-gradient":""},"mobile":{"background-color":"var(--ast-global-color-5)","background-image":"","background-repeat":"repeat","background-position":"center center","background-size":"auto","background-attachment":"scroll","background-type":"","background-media":"","overlay-type":"","overlay-color":"","overlay-opacity":"","overlay-gradient":""}}},"product_brand":[],"product_cat":[531],"product_tag":[],"layoutvorlage":[],"class_list":{"0":"post-119965","1":"product","2":"type-product","3":"status-publish","4":"has-post-thumbnail","6":"product_cat-barc-software-comparison-studies","7":"desktop-align-left","8":"tablet-align-left","9":"mobile-align-left","11":"first","12":"instock","13":"downloadable","14":"virtual","15":"taxable","16":"purchasable","17":"product-type-simple"},"bundled_by":[],"bundle_stock_status":"instock","bundle_stock_quantity":null,"bundle_virtual":false,"bundle_layout":"","bundle_add_to_cart_form_location":"","bundle_editable_in_cart":false,"bundle_sold_individually_context":"","bundle_item_grouping":"","bundle_min_size":"","bundle_max_size":"","bundle_price":[],"bundled_items":[],"bundle_sell_ids":[],"acf":[],"_links":{"self":[{"href":"https:\/\/barc.com\/de\/wp-json\/wp\/v2\/product\/119965","targetHints":{"allow":["GET"]}}],"collection":[{"href":"https:\/\/barc.com\/de\/wp-json\/wp\/v2\/product"}],"about":[{"href":"https:\/\/barc.com\/de\/wp-json\/wp\/v2\/types\/product"}],"version-history":[{"count":5,"href":"https:\/\/barc.com\/de\/wp-json\/wp\/v2\/product\/119965\/revisions"}],"predecessor-version":[{"id":147753,"href":"https:\/\/barc.com\/de\/wp-json\/wp\/v2\/product\/119965\/revisions\/147753"}],"wp:featuredmedia":[{"embeddable":true,"href":"https:\/\/barc.com\/de\/wp-json\/wp\/v2\/media\/132389"}],"wp:attachment":[{"href":"https:\/\/barc.com\/de\/wp-json\/wp\/v2\/media?parent=119965"}],"wp:term":[{"taxonomy":"product_brand","embeddable":true,"href":"https:\/\/barc.com\/de\/wp-json\/wp\/v2\/product_brand?post=119965"},{"taxonomy":"product_cat","embeddable":true,"href":"https:\/\/barc.com\/de\/wp-json\/wp\/v2\/product_cat?post=119965"},{"taxonomy":"product_tag","embeddable":true,"href":"https:\/\/barc.com\/de\/wp-json\/wp\/v2\/product_tag?post=119965"},{"taxonomy":"layoutvorlage","embeddable":true,"href":"https:\/\/barc.com\/de\/wp-json\/wp\/v2\/layoutvorlage?post=119965"}],"curies":[{"name":"wp","href":"https:\/\/api.w.org\/{rel}","templated":true}]}}