{"id":123542,"date":"2025-04-15T13:49:07","date_gmt":"2025-04-15T13:49:07","guid":{"rendered":"https:\/\/barc.com\/?post_type=product&#038;p=123542"},"modified":"2026-03-18T10:49:47","modified_gmt":"2026-03-18T10:49:47","slug":"softwareauswahl-kompakt-esg-reporting","status":"publish","type":"product","link":"https:\/\/barc.com\/de\/produkt\/softwareauswahl-kompakt-esg-reporting\/","title":{"rendered":"Softwareauswahl kompakt: ESG-Reporting"},"content":{"rendered":"","protected":false},"excerpt":{"rendered":"<p>In diesem 1-t\u00e4gigen Workshop identifizieren Sie gemeinsam mit unseren Experten die besten zu Ihren Anforderungen passenden Werkzeuge f\u00fcr <strong>ESG-Datenmanagement, ESG Performance Management<\/strong> und <strong>ESG-Reporting<\/strong>. Die strukturierte und zielgerichtete Erhebung der fachlichen, technischen, und organisatorischen Anforderungen erlaubt eine schnelle, aber zuverl\u00e4ssige Eingrenzung des Marktes f\u00fcr ESG-Software im Rahmen einer interaktiven Diskussion.<\/p>\n<p>Auf Basis unserer Marktstudien und unserem breiten Zugang zum Softwaremarkt, identifizierten wir mit Ihnen die Anbieter geeigneter Software zur sp\u00e4teren, detaillierten Evaluation. Wollen Sie eine detaillierte und dokumentierte Herleitung f\u00fcr Ihre Shortlist und einen direkten Vergleich der Werkzeuge aus Analystensicht sowie eine Kostensch\u00e4tzung, dann empfehlen wir <a href=\"https:\/\/barc.com\/de\/produkt\/shortlist-esg-reporting\/\"><span style=\"color: #33cc99;\">Shortlist: ESG-Reporting<\/span><\/a>.<\/p>\n","protected":false},"featured_media":132671,"template":"","meta":{"_acf_changed":false,"site-sidebar-layout":"default","site-content-layout":"","ast-site-content-layout":"default","site-content-style":"default","site-sidebar-style":"default","ast-global-header-display":"","ast-banner-title-visibility":"","ast-main-header-display":"","ast-hfb-above-header-display":"","ast-hfb-below-header-display":"","ast-hfb-mobile-header-display":"","site-post-title":"","ast-breadcrumbs-content":"","ast-featured-img":"","footer-sml-layout":"","ast-disable-related-posts":"","theme-transparent-header-meta":"default","adv-header-id-meta":"","stick-header-meta":"","header-above-stick-meta":"","header-main-stick-meta":"","header-below-stick-meta":"","astra-migrate-meta-layouts":"set","ast-page-background-enabled":"default","ast-page-background-meta":{"desktop":{"background-color":"","background-image":"","background-repeat":"repeat","background-position":"center center","background-size":"auto","background-attachment":"scroll","background-type":"","background-media":"","overlay-type":"","overlay-color":"","overlay-opacity":"","overlay-gradient":""},"tablet":{"background-color":"","background-image":"","background-repeat":"repeat","background-position":"center center","background-size":"auto","background-attachment":"scroll","background-type":"","background-media":"","overlay-type":"","overlay-color":"","overlay-opacity":"","overlay-gradient":""},"mobile":{"background-color":"","background-image":"","background-repeat":"repeat","background-position":"center center","background-size":"auto","background-attachment":"scroll","background-type":"","background-media":"","overlay-type":"","overlay-color":"","overlay-opacity":"","overlay-gradient":""}},"ast-content-background-meta":{"desktop":{"background-color":"var(--ast-global-color-5)","background-image":"","background-repeat":"repeat","background-position":"center center","background-size":"auto","background-attachment":"scroll","background-type":"","background-media":"","overlay-type":"","overlay-color":"","overlay-opacity":"","overlay-gradient":""},"tablet":{"background-color":"var(--ast-global-color-5)","background-image":"","background-repeat":"repeat","background-position":"center center","background-size":"auto","background-attachment":"scroll","background-type":"","background-media":"","overlay-type":"","overlay-color":"","overlay-opacity":"","overlay-gradient":""},"mobile":{"background-color":"var(--ast-global-color-5)","background-image":"","background-repeat":"repeat","background-position":"center center","background-size":"auto","background-attachment":"scroll","background-type":"","background-media":"","overlay-type":"","overlay-color":"","overlay-opacity":"","overlay-gradient":""}}},"product_brand":[],"product_cat":[575,582],"product_tag":[],"layoutvorlage":[571],"class_list":{"0":"post-123542","1":"product","2":"type-product","3":"status-publish","4":"has-post-thumbnail","6":"product_cat-softwareauswahl","7":"product_cat-planung-konsolidierung-esg","8":"layoutvorlage-softwareauswahl","9":"desktop-align-left","10":"tablet-align-left","11":"mobile-align-left","13":"first","14":"instock","15":"taxable","16":"shipping-taxable","17":"product-type-simple"},"bundled_by":[],"bundle_stock_status":"instock","bundle_stock_quantity":null,"bundle_virtual":false,"bundle_layout":"","bundle_add_to_cart_form_location":"","bundle_editable_in_cart":false,"bundle_sold_individually_context":"","bundle_item_grouping":"","bundle_min_size":"","bundle_max_size":"","bundle_price":[],"bundled_items":[],"bundle_sell_ids":[],"acf":[],"_links":{"self":[{"href":"https:\/\/barc.com\/de\/wp-json\/wp\/v2\/product\/123542","targetHints":{"allow":["GET"]}}],"collection":[{"href":"https:\/\/barc.com\/de\/wp-json\/wp\/v2\/product"}],"about":[{"href":"https:\/\/barc.com\/de\/wp-json\/wp\/v2\/types\/product"}],"version-history":[{"count":6,"href":"https:\/\/barc.com\/de\/wp-json\/wp\/v2\/product\/123542\/revisions"}],"predecessor-version":[{"id":147741,"href":"https:\/\/barc.com\/de\/wp-json\/wp\/v2\/product\/123542\/revisions\/147741"}],"wp:featuredmedia":[{"embeddable":true,"href":"https:\/\/barc.com\/de\/wp-json\/wp\/v2\/media\/132671"}],"wp:attachment":[{"href":"https:\/\/barc.com\/de\/wp-json\/wp\/v2\/media?parent=123542"}],"wp:term":[{"taxonomy":"product_brand","embeddable":true,"href":"https:\/\/barc.com\/de\/wp-json\/wp\/v2\/product_brand?post=123542"},{"taxonomy":"product_cat","embeddable":true,"href":"https:\/\/barc.com\/de\/wp-json\/wp\/v2\/product_cat?post=123542"},{"taxonomy":"product_tag","embeddable":true,"href":"https:\/\/barc.com\/de\/wp-json\/wp\/v2\/product_tag?post=123542"},{"taxonomy":"layoutvorlage","embeddable":true,"href":"https:\/\/barc.com\/de\/wp-json\/wp\/v2\/layoutvorlage?post=123542"}],"curies":[{"name":"wp","href":"https:\/\/api.w.org\/{rel}","templated":true}]}}