{"id":123555,"date":"2025-04-15T14:06:14","date_gmt":"2025-04-15T14:06:14","guid":{"rendered":"https:\/\/barc.com\/?post_type=product&#038;p=123555"},"modified":"2026-03-18T09:23:15","modified_gmt":"2026-03-18T09:23:15","slug":"shortlist-esg-reporting","status":"publish","type":"product","link":"https:\/\/barc.com\/de\/produkt\/shortlist-esg-reporting\/","title":{"rendered":"Shortlist: ESG-Reporting"},"content":{"rendered":"","protected":false},"excerpt":{"rendered":"<p>Lassen Sie sich von unseren Experten eine individuelle Shortlist mit der am besten zu Ihren Anforderungen passenden Software f\u00fcr <strong>ESG-Datenmanagement, ESG Performance Management<\/strong> und <strong>ESG-Reporting<\/strong> erstellen und dokumentieren. Die strukturierte und zielgerichtete Erhebung der fachlichen, technischen, und organisatorischen Anforderungen als Vorbereitung des ersten Workshops erlaubt eine schnelle, aber zuverl\u00e4ssige Eingrenzung des Marktes f\u00fcr ESG-Software.<\/p>\n<p>Gemeinsam mit Ihnen stimmen wir Ihre Priorit\u00e4ten ab und leiten auf Basis der priorisierten Anforderungen eine Shortlist ab, die wir im zweiten Workshop vorstellen. Wir erkl\u00e4ren Ihnen, warum welche Produkte auf der Shortlist gelandet sind, vergleichen sie detailliert und diskutieren St\u00e4rken und Schw\u00e4chen anhand Ihrer individuellen Situation.<\/p>\n","protected":false},"featured_media":132759,"template":"","meta":{"_acf_changed":false,"site-sidebar-layout":"default","site-content-layout":"","ast-site-content-layout":"default","site-content-style":"default","site-sidebar-style":"default","ast-global-header-display":"","ast-banner-title-visibility":"","ast-main-header-display":"","ast-hfb-above-header-display":"","ast-hfb-below-header-display":"","ast-hfb-mobile-header-display":"","site-post-title":"","ast-breadcrumbs-content":"","ast-featured-img":"","footer-sml-layout":"","ast-disable-related-posts":"","theme-transparent-header-meta":"default","adv-header-id-meta":"","stick-header-meta":"","header-above-stick-meta":"","header-main-stick-meta":"","header-below-stick-meta":"","astra-migrate-meta-layouts":"set","ast-page-background-enabled":"default","ast-page-background-meta":{"desktop":{"background-color":"","background-image":"","background-repeat":"repeat","background-position":"center center","background-size":"auto","background-attachment":"scroll","background-type":"","background-media":"","overlay-type":"","overlay-color":"","overlay-opacity":"","overlay-gradient":""},"tablet":{"background-color":"","background-image":"","background-repeat":"repeat","background-position":"center center","background-size":"auto","background-attachment":"scroll","background-type":"","background-media":"","overlay-type":"","overlay-color":"","overlay-opacity":"","overlay-gradient":""},"mobile":{"background-color":"","background-image":"","background-repeat":"repeat","background-position":"center center","background-size":"auto","background-attachment":"scroll","background-type":"","background-media":"","overlay-type":"","overlay-color":"","overlay-opacity":"","overlay-gradient":""}},"ast-content-background-meta":{"desktop":{"background-color":"var(--ast-global-color-5)","background-image":"","background-repeat":"repeat","background-position":"center center","background-size":"auto","background-attachment":"scroll","background-type":"","background-media":"","overlay-type":"","overlay-color":"","overlay-opacity":"","overlay-gradient":""},"tablet":{"background-color":"var(--ast-global-color-5)","background-image":"","background-repeat":"repeat","background-position":"center center","background-size":"auto","background-attachment":"scroll","background-type":"","background-media":"","overlay-type":"","overlay-color":"","overlay-opacity":"","overlay-gradient":""},"mobile":{"background-color":"var(--ast-global-color-5)","background-image":"","background-repeat":"repeat","background-position":"center center","background-size":"auto","background-attachment":"scroll","background-type":"","background-media":"","overlay-type":"","overlay-color":"","overlay-opacity":"","overlay-gradient":""}}},"product_brand":[],"product_cat":[575,582],"product_tag":[],"layoutvorlage":[571],"class_list":{"0":"post-123555","1":"product","2":"type-product","3":"status-publish","4":"has-post-thumbnail","6":"product_cat-softwareauswahl","7":"product_cat-planung-konsolidierung-esg","8":"layoutvorlage-softwareauswahl","9":"desktop-align-left","10":"tablet-align-left","11":"mobile-align-left","13":"first","14":"instock","15":"taxable","16":"shipping-taxable","17":"product-type-simple"},"bundled_by":[],"bundle_stock_status":"instock","bundle_stock_quantity":null,"bundle_virtual":false,"bundle_layout":"","bundle_add_to_cart_form_location":"","bundle_editable_in_cart":false,"bundle_sold_individually_context":"","bundle_item_grouping":"","bundle_min_size":"","bundle_max_size":"","bundle_price":[],"bundled_items":[],"bundle_sell_ids":[],"acf":[],"_links":{"self":[{"href":"https:\/\/barc.com\/de\/wp-json\/wp\/v2\/product\/123555","targetHints":{"allow":["GET"]}}],"collection":[{"href":"https:\/\/barc.com\/de\/wp-json\/wp\/v2\/product"}],"about":[{"href":"https:\/\/barc.com\/de\/wp-json\/wp\/v2\/types\/product"}],"version-history":[{"count":5,"href":"https:\/\/barc.com\/de\/wp-json\/wp\/v2\/product\/123555\/revisions"}],"predecessor-version":[{"id":147723,"href":"https:\/\/barc.com\/de\/wp-json\/wp\/v2\/product\/123555\/revisions\/147723"}],"wp:featuredmedia":[{"embeddable":true,"href":"https:\/\/barc.com\/de\/wp-json\/wp\/v2\/media\/132759"}],"wp:attachment":[{"href":"https:\/\/barc.com\/de\/wp-json\/wp\/v2\/media?parent=123555"}],"wp:term":[{"taxonomy":"product_brand","embeddable":true,"href":"https:\/\/barc.com\/de\/wp-json\/wp\/v2\/product_brand?post=123555"},{"taxonomy":"product_cat","embeddable":true,"href":"https:\/\/barc.com\/de\/wp-json\/wp\/v2\/product_cat?post=123555"},{"taxonomy":"product_tag","embeddable":true,"href":"https:\/\/barc.com\/de\/wp-json\/wp\/v2\/product_tag?post=123555"},{"taxonomy":"layoutvorlage","embeddable":true,"href":"https:\/\/barc.com\/de\/wp-json\/wp\/v2\/layoutvorlage?post=123555"}],"curies":[{"name":"wp","href":"https:\/\/api.w.org\/{rel}","templated":true}]}}