{"id":12628,"date":"2021-03-19T07:44:23","date_gmt":"2021-03-19T07:44:23","guid":{"rendered":"https:\/\/barc.com\/?post_type=product&#038;p=12628"},"modified":"2026-03-31T14:22:29","modified_gmt":"2026-03-31T14:22:29","slug":"barc-score-financial-performance-management","status":"publish","type":"product","link":"https:\/\/barc.com\/de\/produkt\/barc-score-financial-performance-management\/","title":{"rendered":"BARC Score Financial Performance Management"},"content":{"rendered":"<p>Das Performance Management ist eine der zentralen F\u00fchrungsaufgaben im Unternehmen und spielt eine entscheidende Rolle bei der Steigerung der Wettbewerbsf\u00e4higkeit. Ziel ist es, Strategie und Ziele des Unternehmens mit den Gesch\u00e4ftsprozessen in Einklang zu bringen, um auf strategischer, taktischer und operativer Ebene ein H\u00f6chstma\u00df an Leistung zu erzielen. In den letzten Jahren haben sich die Dynamik der M\u00e4rkte und der Wettbewerb rasant versch\u00e4rft und viele Unternehmen haben M\u00fche, Schritt zu halten. Vor diesem Hintergrund gewinnt die Steuerung und \u00dcberwachung der finanziellen Leistung im gesamten Unternehmen massiv an Bedeutung. Daher ist das Financial Performance Management (FPM) f\u00fcr viele Unternehmen von entscheidender Bedeutung. Es konzentriert sich auf die Optimierung der Finanzmanagementprozesse.<\/p>\n<p>Dieser BARC-Score untersucht den Markt f\u00fcr FPM-Produkte und -Portfolios. Basierend auf unz\u00e4hligen Datenpunkten aus verschiedenen BARC-Umfragen und zahlreichen Analystengespr\u00e4chen werden die Anbieter anhand einer Vielzahl von Kriterien bewertet. Diese reichen von den Portfolio-F\u00e4higkeiten und der Architektur \u00fcber die Vertriebs- und Marketingstrategie bis hin zur finanziellen Performance und dem Kundenfeedback.<\/p>\n","protected":false},"excerpt":{"rendered":"<p>Mit dem BARC Score Financial Performance Management vergleichen Sie 17 Hersteller auf einen Blick und wissen, wie Sie deren Portfolio im Marktsegment einordnen k\u00f6nnen.<\/p>\n","protected":false},"featured_media":132387,"template":"","meta":{"_acf_changed":false,"site-sidebar-layout":"no-sidebar","site-content-layout":"page-builder","ast-site-content-layout":"full-width-container","site-content-style":"unboxed","site-sidebar-style":"unboxed","ast-global-header-display":"","ast-banner-title-visibility":"","ast-main-header-display":"","ast-hfb-above-header-display":"","ast-hfb-below-header-display":"","ast-hfb-mobile-header-display":"","site-post-title":"disabled","ast-breadcrumbs-content":"","ast-featured-img":"disabled","footer-sml-layout":"","ast-disable-related-posts":"","theme-transparent-header-meta":"default","adv-header-id-meta":"","stick-header-meta":"","header-above-stick-meta":"","header-main-stick-meta":"","header-below-stick-meta":"","astra-migrate-meta-layouts":"set","ast-page-background-enabled":"default","ast-page-background-meta":{"desktop":{"background-color":"","background-image":"","background-repeat":"repeat","background-position":"center center","background-size":"auto","background-attachment":"scroll","background-type":"","background-media":"","overlay-type":"","overlay-color":"","overlay-opacity":"","overlay-gradient":""},"tablet":{"background-color":"","background-image":"","background-repeat":"repeat","background-position":"center center","background-size":"auto","background-attachment":"scroll","background-type":"","background-media":"","overlay-type":"","overlay-color":"","overlay-opacity":"","overlay-gradient":""},"mobile":{"background-color":"","background-image":"","background-repeat":"repeat","background-position":"center center","background-size":"auto","background-attachment":"scroll","background-type":"","background-media":"","overlay-type":"","overlay-color":"","overlay-opacity":"","overlay-gradient":""}},"ast-content-background-meta":{"desktop":{"background-color":"var(--ast-global-color-5)","background-image":"","background-repeat":"repeat","background-position":"center center","background-size":"auto","background-attachment":"scroll","background-type":"","background-media":"","overlay-type":"","overlay-color":"","overlay-opacity":"","overlay-gradient":""},"tablet":{"background-color":"var(--ast-global-color-5)","background-image":"","background-repeat":"repeat","background-position":"center center","background-size":"auto","background-attachment":"scroll","background-type":"","background-media":"","overlay-type":"","overlay-color":"","overlay-opacity":"","overlay-gradient":""},"mobile":{"background-color":"var(--ast-global-color-5)","background-image":"","background-repeat":"repeat","background-position":"center center","background-size":"auto","background-attachment":"scroll","background-type":"","background-media":"","overlay-type":"","overlay-color":"","overlay-opacity":"","overlay-gradient":""}}},"product_brand":[],"product_cat":[144],"product_tag":[],"layoutvorlage":[],"class_list":{"0":"post-12628","1":"product","2":"type-product","3":"status-publish","4":"has-post-thumbnail","6":"product_cat-scores","7":"desktop-align-left","8":"tablet-align-left","9":"mobile-align-left","11":"first","12":"instock","13":"downloadable","14":"virtual","15":"taxable","16":"purchasable","17":"product-type-simple"},"bundled_by":["31363"],"bundle_stock_status":"instock","bundle_stock_quantity":null,"bundle_virtual":false,"bundle_layout":"","bundle_add_to_cart_form_location":"","bundle_editable_in_cart":false,"bundle_sold_individually_context":"","bundle_item_grouping":"","bundle_min_size":"","bundle_max_size":"","bundle_price":[],"bundled_items":[],"bundle_sell_ids":[],"acf":[],"_links":{"self":[{"href":"https:\/\/barc.com\/de\/wp-json\/wp\/v2\/product\/12628","targetHints":{"allow":["GET"]}}],"collection":[{"href":"https:\/\/barc.com\/de\/wp-json\/wp\/v2\/product"}],"about":[{"href":"https:\/\/barc.com\/de\/wp-json\/wp\/v2\/types\/product"}],"version-history":[{"count":5,"href":"https:\/\/barc.com\/de\/wp-json\/wp\/v2\/product\/12628\/revisions"}],"predecessor-version":[{"id":149100,"href":"https:\/\/barc.com\/de\/wp-json\/wp\/v2\/product\/12628\/revisions\/149100"}],"wp:featuredmedia":[{"embeddable":true,"href":"https:\/\/barc.com\/de\/wp-json\/wp\/v2\/media\/132387"}],"wp:attachment":[{"href":"https:\/\/barc.com\/de\/wp-json\/wp\/v2\/media?parent=12628"}],"wp:term":[{"taxonomy":"product_brand","embeddable":true,"href":"https:\/\/barc.com\/de\/wp-json\/wp\/v2\/product_brand?post=12628"},{"taxonomy":"product_cat","embeddable":true,"href":"https:\/\/barc.com\/de\/wp-json\/wp\/v2\/product_cat?post=12628"},{"taxonomy":"product_tag","embeddable":true,"href":"https:\/\/barc.com\/de\/wp-json\/wp\/v2\/product_tag?post=12628"},{"taxonomy":"layoutvorlage","embeddable":true,"href":"https:\/\/barc.com\/de\/wp-json\/wp\/v2\/layoutvorlage?post=12628"}],"curies":[{"name":"wp","href":"https:\/\/api.w.org\/{rel}","templated":true}]}}