{"id":12801,"date":"2021-03-24T05:59:51","date_gmt":"2021-03-24T05:59:51","guid":{"rendered":"https:\/\/barc.com\/?post_type=product&#038;p=12801"},"modified":"2025-08-19T13:44:38","modified_gmt":"2025-08-19T13:44:38","slug":"guideline-zur-effektiven-und-sicheren-nutzung-von-self-service-mit-microsoft-power-bi","status":"publish","type":"product","link":"https:\/\/barc.com\/de\/produkt\/guideline-zur-effektiven-und-sicheren-nutzung-von-self-service-mit-microsoft-power-bi\/","title":{"rendered":"Guideline zur effektiven und sicheren Nutzung von Self-Service mit Microsoft Power BI"},"content":{"rendered":"\t\t<div data-elementor-type=\"product-post\" data-elementor-id=\"12801\" class=\"elementor elementor-12801\" data-elementor-settings=\"{&quot;element_pack_global_tooltip_width&quot;:{&quot;unit&quot;:&quot;px&quot;,&quot;size&quot;:&quot;&quot;,&quot;sizes&quot;:[]},&quot;element_pack_global_tooltip_width_tablet&quot;:{&quot;unit&quot;:&quot;px&quot;,&quot;size&quot;:&quot;&quot;,&quot;sizes&quot;:[]},&quot;element_pack_global_tooltip_width_mobile&quot;:{&quot;unit&quot;:&quot;px&quot;,&quot;size&quot;:&quot;&quot;,&quot;sizes&quot;:[]},&quot;element_pack_global_tooltip_padding&quot;:{&quot;unit&quot;:&quot;px&quot;,&quot;top&quot;:&quot;&quot;,&quot;right&quot;:&quot;&quot;,&quot;bottom&quot;:&quot;&quot;,&quot;left&quot;:&quot;&quot;,&quot;isLinked&quot;:true},&quot;element_pack_global_tooltip_padding_tablet&quot;:{&quot;unit&quot;:&quot;px&quot;,&quot;top&quot;:&quot;&quot;,&quot;right&quot;:&quot;&quot;,&quot;bottom&quot;:&quot;&quot;,&quot;left&quot;:&quot;&quot;,&quot;isLinked&quot;:true},&quot;element_pack_global_tooltip_padding_mobile&quot;:{&quot;unit&quot;:&quot;px&quot;,&quot;top&quot;:&quot;&quot;,&quot;right&quot;:&quot;&quot;,&quot;bottom&quot;:&quot;&quot;,&quot;left&quot;:&quot;&quot;,&quot;isLinked&quot;:true},&quot;element_pack_global_tooltip_border_radius&quot;:{&quot;unit&quot;:&quot;px&quot;,&quot;top&quot;:&quot;&quot;,&quot;right&quot;:&quot;&quot;,&quot;bottom&quot;:&quot;&quot;,&quot;left&quot;:&quot;&quot;,&quot;isLinked&quot;:true},&quot;element_pack_global_tooltip_border_radius_tablet&quot;:{&quot;unit&quot;:&quot;px&quot;,&quot;top&quot;:&quot;&quot;,&quot;right&quot;:&quot;&quot;,&quot;bottom&quot;:&quot;&quot;,&quot;left&quot;:&quot;&quot;,&quot;isLinked&quot;:true},&quot;element_pack_global_tooltip_border_radius_mobile&quot;:{&quot;unit&quot;:&quot;px&quot;,&quot;top&quot;:&quot;&quot;,&quot;right&quot;:&quot;&quot;,&quot;bottom&quot;:&quot;&quot;,&quot;left&quot;:&quot;&quot;,&quot;isLinked&quot;:true}}\" data-elementor-post-type=\"product\">\n\t\t\t\t\t\t<section class=\"ob-is-breaking-bad elementor-section elementor-top-section elementor-element elementor-element-eb8aace bullet elementor-section-boxed elementor-section-height-default elementor-section-height-default\" data-id=\"eb8aace\" data-element_type=\"section\" data-e-type=\"section\" data-settings=\"{&quot;_ob_bbad_use_it&quot;:&quot;yes&quot;,&quot;_ob_bbad_sssic_use&quot;:&quot;no&quot;}\">\n\t\t\t\t\t\t<div class=\"elementor-container elementor-column-gap-default\">\n\t\t\t\t\t<div class=\"elementor-column elementor-col-100 elementor-top-column elementor-element elementor-element-6f86f95f\" data-id=\"6f86f95f\" data-element_type=\"column\" data-e-type=\"column\" data-settings=\"{&quot;_ob_bbad_is_stalker&quot;:&quot;no&quot;}\">\n\t\t\t<div class=\"elementor-widget-wrap elementor-element-populated\">\n\t\t\t\t\t\t<div class=\"elementor-element elementor-element-f7731bf elementor-widget elementor-widget-text-editor\" data-id=\"f7731bf\" data-element_type=\"widget\" data-e-type=\"widget\" data-settings=\"{&quot;_ob_postman_use&quot;:&quot;no&quot;,&quot;_ob_widget_stalker_use&quot;:&quot;no&quot;}\" data-widget_type=\"text-editor.default\">\n\t\t\t\t<div class=\"elementor-widget-container\">\n\t\t\t\t\t\t\t\t\tWenn es um \u201eSelf-Service mit Microsoft Power BI\u201c geht, stehen die meisten Unternehmen vor \u00e4hnlichen Herausforderungen: \u00dcber die Jahre haben sich\u00a0<strong>zentrale, regulatorisch relevante KPIs<\/strong>\u00a0etabliert, die\u00a0<strong>nur einem bestimmten Berechtigungskreis<\/strong>\u00a0zur Verf\u00fcgung stehen. Doch inzwischen nutzen viele Mitarbeiter Microsoft\u00a0Power BI eigenst\u00e4ndig, was zu einer\u00a0<strong>un\u00fcberschaubaren Anzahl fachlicher Dashboards\u00a0<\/strong>f\u00fchrt.\r\n\r\nEs resultiert Unklarheit dar\u00fcber, wo welche Zahlen verl\u00e4sslich zu finden sind. Das Ziel einheitlicher, fachlicher Auswertungen r\u00fcckt in weite Ferne. Zus\u00e4tzlich stellt die Bef\u00e4higung der Anwender, zuverl\u00e4ssig mit den Daten umzugehen, eine weitere Herausforderung dar.\r\n\r\nDie Research Note wurde im Rahmen eines Arbeitskreises des\u00a0Leaders\u2018 Circle\u00a0zum Thema\u00a0<em>Self-Service mit Power BI<\/em>\u00a0erarbeitet.\u00a0Folgenden Fragen wurde dabei nachgegangen:\r\n<ul>\r\n \t<li>Wie sind Unternehmen aktuell zum Thema Self-Service mit Microsoft Power BI aufgestellt?<\/li>\r\n \t<li>Wie geht Microsoft Power BI mit Self-Service BI Reporterstellung um?<\/li>\r\n \t<li>Welche Erfahrungen wurden bisher im Bereich Self-Service mit Microsoft Power BI gemacht?<\/li>\r\n \t<li>Was sind Best Practices anderer Unternehmen?<\/li>\r\n \t<li>Welche Herausforderungen gibt es und wie k\u00f6nnen diese angegangen werden?<\/li>\r\n<\/ul>\t\t\t\t\t\t\t\t<\/div>\n\t\t\t\t<\/div>\n\t\t\t\t\t<\/div>\n\t\t<\/div>\n\t\t\t\t\t<\/div>\n\t\t<\/section>\n\t\t\t\t<\/div>\n\t\t","protected":false},"excerpt":{"rendered":"<p>Erhalten Sie Instrumente, Best Practices und L\u00f6sungen f\u00fcr die Herausforderungen rund um das Thema Self-Service mit Microsoft Power BI.<\/p>\n","protected":false},"featured_media":132421,"template":"","meta":{"_acf_changed":false,"site-sidebar-layout":"no-sidebar","site-content-layout":"page-builder","ast-site-content-layout":"full-width-container","site-content-style":"unboxed","site-sidebar-style":"unboxed","ast-global-header-display":"","ast-banner-title-visibility":"","ast-main-header-display":"","ast-hfb-above-header-display":"","ast-hfb-below-header-display":"","ast-hfb-mobile-header-display":"","site-post-title":"disabled","ast-breadcrumbs-content":"","ast-featured-img":"disabled","footer-sml-layout":"","ast-disable-related-posts":"","theme-transparent-header-meta":"default","adv-header-id-meta":"","stick-header-meta":"","header-above-stick-meta":"","header-main-stick-meta":"","header-below-stick-meta":"","astra-migrate-meta-layouts":"set","ast-page-background-enabled":"default","ast-page-background-meta":{"desktop":{"background-color":"","background-image":"","background-repeat":"repeat","background-position":"center center","background-size":"auto","background-attachment":"scroll","background-type":"","background-media":"","overlay-type":"","overlay-color":"","overlay-opacity":"","overlay-gradient":""},"tablet":{"background-color":"","background-image":"","background-repeat":"repeat","background-position":"center center","background-size":"auto","background-attachment":"scroll","background-type":"","background-media":"","overlay-type":"","overlay-color":"","overlay-opacity":"","overlay-gradient":""},"mobile":{"background-color":"","background-image":"","background-repeat":"repeat","background-position":"center center","background-size":"auto","background-attachment":"scroll","background-type":"","background-media":"","overlay-type":"","overlay-color":"","overlay-opacity":"","overlay-gradient":""}},"ast-content-background-meta":{"desktop":{"background-color":"var(--ast-global-color-5)","background-image":"","background-repeat":"repeat","background-position":"center center","background-size":"auto","background-attachment":"scroll","background-type":"","background-media":"","overlay-type":"","overlay-color":"","overlay-opacity":"","overlay-gradient":""},"tablet":{"background-color":"var(--ast-global-color-5)","background-image":"","background-repeat":"repeat","background-position":"center center","background-size":"auto","background-attachment":"scroll","background-type":"","background-media":"","overlay-type":"","overlay-color":"","overlay-opacity":"","overlay-gradient":""},"mobile":{"background-color":"var(--ast-global-color-5)","background-image":"","background-repeat":"repeat","background-position":"center center","background-size":"auto","background-attachment":"scroll","background-type":"","background-media":"","overlay-type":"","overlay-color":"","overlay-opacity":"","overlay-gradient":""}}},"product_brand":[],"product_cat":[75],"product_tag":[],"layoutvorlage":[],"class_list":{"0":"post-12801","1":"product","2":"type-product","3":"status-publish","4":"has-post-thumbnail","6":"product_cat-empfohlen","7":"desktop-align-left","8":"tablet-align-left","9":"mobile-align-left","11":"first","12":"instock","13":"downloadable","14":"virtual","15":"taxable","16":"purchasable","17":"product-type-simple"},"bundled_by":[],"bundle_stock_status":"instock","bundle_stock_quantity":null,"bundle_virtual":false,"bundle_layout":"","bundle_add_to_cart_form_location":"","bundle_editable_in_cart":false,"bundle_sold_individually_context":"","bundle_item_grouping":"","bundle_min_size":"","bundle_max_size":"","bundle_price":[],"bundled_items":[],"bundle_sell_ids":[],"acf":[],"_links":{"self":[{"href":"https:\/\/barc.com\/de\/wp-json\/wp\/v2\/product\/12801","targetHints":{"allow":["GET"]}}],"collection":[{"href":"https:\/\/barc.com\/de\/wp-json\/wp\/v2\/product"}],"about":[{"href":"https:\/\/barc.com\/de\/wp-json\/wp\/v2\/types\/product"}],"version-history":[{"count":2,"href":"https:\/\/barc.com\/de\/wp-json\/wp\/v2\/product\/12801\/revisions"}],"predecessor-version":[{"id":133511,"href":"https:\/\/barc.com\/de\/wp-json\/wp\/v2\/product\/12801\/revisions\/133511"}],"wp:featuredmedia":[{"embeddable":true,"href":"https:\/\/barc.com\/de\/wp-json\/wp\/v2\/media\/132421"}],"wp:attachment":[{"href":"https:\/\/barc.com\/de\/wp-json\/wp\/v2\/media?parent=12801"}],"wp:term":[{"taxonomy":"product_brand","embeddable":true,"href":"https:\/\/barc.com\/de\/wp-json\/wp\/v2\/product_brand?post=12801"},{"taxonomy":"product_cat","embeddable":true,"href":"https:\/\/barc.com\/de\/wp-json\/wp\/v2\/product_cat?post=12801"},{"taxonomy":"product_tag","embeddable":true,"href":"https:\/\/barc.com\/de\/wp-json\/wp\/v2\/product_tag?post=12801"},{"taxonomy":"layoutvorlage","embeddable":true,"href":"https:\/\/barc.com\/de\/wp-json\/wp\/v2\/layoutvorlage?post=12801"}],"curies":[{"name":"wp","href":"https:\/\/api.w.org\/{rel}","templated":true}]}}