{"id":16600,"date":"2021-03-19T06:07:10","date_gmt":"2021-03-19T06:07:10","guid":{"rendered":"https:\/\/barc.com\/?post_type=product&#038;p=16600"},"modified":"2026-03-31T14:25:32","modified_gmt":"2026-03-31T14:25:32","slug":"barc-score-integrated-planning-analytics","status":"publish","type":"product","link":"https:\/\/barc.com\/de\/produkt\/barc-score-integrated-planning-analytics\/","title":{"rendered":"BARC Score Integrated Planning &#038; Analytics"},"content":{"rendered":"<p>Ein schwieriges wirtschaftliches Umfeld sorgt weiterhin f\u00fcr eine hohe Nachfrage nach L\u00f6sungen f\u00fcr die Bereiche Planung und Corporate Performance Management (CPM). Planung, Budgetierung und Forecasting sind entscheidende Instrumente der Unternehmensf\u00fchrung, um das operative Gesch\u00e4ft mit den strategischen Unternehmenszielen in Einklang zu bringen. In den letzten Jahren haben sich die Dynamik der M\u00e4rkte und der Wettbewerb jedoch rapide versch\u00e4rft, sodass viele Unternehmen M\u00fche haben, Schritt zu halten. Eine belastbare Unternehmensplanung und Prognosen sind daher wichtiger denn je, um mit der zunehmenden Dynamik fertig zu werden. Fundierte Entscheidungen auf Basis aktueller Prognosen und Datenanalysen, die effiziente Bewertung m\u00f6glicher zuk\u00fcnftiger Entwicklungen in Szenarien und Simulationen sowie die Automatisierung von Prozessen und die Entlastung der Planer durch KI gewinnen daher massiv an Bedeutung. Erfolgreiches CPM erfordert umfassende Funktionen f\u00fcr Planung und Forecasting, Analytics und Berichterstattung.<\/p>\n<p>Der Fokus dieses BARC Score liegt auf dem Markt f\u00fcr Produkte und Portfolios im Bereich Integrated Planning and Analytics (IP&amp;A). Die Kombination dieser Themen ist f\u00fcr eine wachsende Zahl von Unternehmen von gro\u00dfer Bedeutung. Basierend auf unz\u00e4hligen Datenpunkten aus verschiedenen BARC-Umfragen sowie zahlreichen Interaktionen mit Analysten werden die Anbieter anhand einer Vielzahl von Kriterien bewertet. Diese reichen von den Portfolio-F\u00e4higkeiten und der Architektur \u00fcber die Vertriebs- und Marketingstrategie, die finanzielle Performance bis hin zum Kundenfeedback.<\/p>\n","protected":false},"excerpt":{"rendered":"<p>Mit dem BARC Score Integrated Planning &amp; Analytics vergleichen Sie 16 Hersteller auf einen Blick und wissen, wie Sie deren Portfolio im Marktsegment einordnen k\u00f6nnen.<\/p>\n","protected":false},"featured_media":132387,"template":"","meta":{"_acf_changed":false,"site-sidebar-layout":"default","site-content-layout":"default","ast-site-content-layout":"default","site-content-style":"default","site-sidebar-style":"default","ast-global-header-display":"","ast-banner-title-visibility":"","ast-main-header-display":"","ast-hfb-above-header-display":"","ast-hfb-below-header-display":"","ast-hfb-mobile-header-display":"","site-post-title":"","ast-breadcrumbs-content":"","ast-featured-img":"","footer-sml-layout":"","ast-disable-related-posts":"","theme-transparent-header-meta":"default","adv-header-id-meta":"","stick-header-meta":"","header-above-stick-meta":"","header-main-stick-meta":"","header-below-stick-meta":"","astra-migrate-meta-layouts":"set","ast-page-background-enabled":"default","ast-page-background-meta":{"desktop":{"background-color":"","background-image":"","background-repeat":"repeat","background-position":"center center","background-size":"auto","background-attachment":"scroll","background-type":"","background-media":"","overlay-type":"","overlay-color":"","overlay-opacity":"","overlay-gradient":""},"tablet":{"background-color":"","background-image":"","background-repeat":"repeat","background-position":"center center","background-size":"auto","background-attachment":"scroll","background-type":"","background-media":"","overlay-type":"","overlay-color":"","overlay-opacity":"","overlay-gradient":""},"mobile":{"background-color":"","background-image":"","background-repeat":"repeat","background-position":"center center","background-size":"auto","background-attachment":"scroll","background-type":"","background-media":"","overlay-type":"","overlay-color":"","overlay-opacity":"","overlay-gradient":""}},"ast-content-background-meta":{"desktop":{"background-color":"var(--ast-global-color-5)","background-image":"","background-repeat":"repeat","background-position":"center center","background-size":"auto","background-attachment":"scroll","background-type":"","background-media":"","overlay-type":"","overlay-color":"","overlay-opacity":"","overlay-gradient":""},"tablet":{"background-color":"var(--ast-global-color-5)","background-image":"","background-repeat":"repeat","background-position":"center center","background-size":"auto","background-attachment":"scroll","background-type":"","background-media":"","overlay-type":"","overlay-color":"","overlay-opacity":"","overlay-gradient":""},"mobile":{"background-color":"var(--ast-global-color-5)","background-image":"","background-repeat":"repeat","background-position":"center center","background-size":"auto","background-attachment":"scroll","background-type":"","background-media":"","overlay-type":"","overlay-color":"","overlay-opacity":"","overlay-gradient":""}}},"product_brand":[],"product_cat":[144],"product_tag":[],"layoutvorlage":[],"class_list":{"0":"post-16600","1":"product","2":"type-product","3":"status-publish","4":"has-post-thumbnail","6":"product_cat-scores","7":"desktop-align-left","8":"tablet-align-left","9":"mobile-align-left","11":"first","12":"instock","13":"downloadable","14":"virtual","15":"taxable","16":"purchasable","17":"product-type-simple"},"bundled_by":[],"bundle_stock_status":"instock","bundle_stock_quantity":null,"bundle_virtual":false,"bundle_layout":"","bundle_add_to_cart_form_location":"","bundle_editable_in_cart":false,"bundle_sold_individually_context":"","bundle_item_grouping":"","bundle_min_size":"","bundle_max_size":"","bundle_price":[],"bundled_items":[],"bundle_sell_ids":[],"acf":[],"_links":{"self":[{"href":"https:\/\/barc.com\/de\/wp-json\/wp\/v2\/product\/16600","targetHints":{"allow":["GET"]}}],"collection":[{"href":"https:\/\/barc.com\/de\/wp-json\/wp\/v2\/product"}],"about":[{"href":"https:\/\/barc.com\/de\/wp-json\/wp\/v2\/types\/product"}],"version-history":[{"count":5,"href":"https:\/\/barc.com\/de\/wp-json\/wp\/v2\/product\/16600\/revisions"}],"predecessor-version":[{"id":149102,"href":"https:\/\/barc.com\/de\/wp-json\/wp\/v2\/product\/16600\/revisions\/149102"}],"wp:featuredmedia":[{"embeddable":true,"href":"https:\/\/barc.com\/de\/wp-json\/wp\/v2\/media\/132387"}],"wp:attachment":[{"href":"https:\/\/barc.com\/de\/wp-json\/wp\/v2\/media?parent=16600"}],"wp:term":[{"taxonomy":"product_brand","embeddable":true,"href":"https:\/\/barc.com\/de\/wp-json\/wp\/v2\/product_brand?post=16600"},{"taxonomy":"product_cat","embeddable":true,"href":"https:\/\/barc.com\/de\/wp-json\/wp\/v2\/product_cat?post=16600"},{"taxonomy":"product_tag","embeddable":true,"href":"https:\/\/barc.com\/de\/wp-json\/wp\/v2\/product_tag?post=16600"},{"taxonomy":"layoutvorlage","embeddable":true,"href":"https:\/\/barc.com\/de\/wp-json\/wp\/v2\/layoutvorlage?post=16600"}],"curies":[{"name":"wp","href":"https:\/\/api.w.org\/{rel}","templated":true}]}}