{"id":16685,"date":"2019-06-19T09:19:28","date_gmt":"2019-06-19T09:19:28","guid":{"rendered":"https:\/\/barc.com\/?post_type=product&#038;p=16685"},"modified":"2025-08-12T13:28:53","modified_gmt":"2025-08-12T13:28:53","slug":"barc-score-robotic-process-automation-dach","status":"publish","type":"product","link":"https:\/\/barc.com\/de\/produkt\/barc-score-robotic-process-automation-dach\/","title":{"rendered":"BARC Score Robotic Process Automation DACH"},"content":{"rendered":"<p>Der Einsatz von Software zur Automatisierung von Prozessen ist ein wesentlicher Bestandteil der voranschreitenden Digitalisierung. Prozessautomatisierung wird durch unterschiedliche Systemgattungen adressiert. L\u00f6sungen f\u00fcr Robotic Process Automation (RPA) stellen Softwareroboter bereit, die die Ausf\u00fchrung stark standardisierter, systemgest\u00fctzter T\u00e4tigkeiten vollst\u00e4ndig \u00fcbernehmen k\u00f6nnen.<\/p>\n<p>Robotic Process Automation (RPA) stellen Softwareroboter bereit, die die Ausf\u00fchrung stark standardisierter, systemgest\u00fctzter T\u00e4tigkeiten vollst\u00e4ndig \u00fcbernehmen k\u00f6nnen. Die Produkte interagieren dabei mit den Frontends der Fachanwendungen. Somit ben\u00f6tigen sie keine Schnittstellen auf Funktions- oder Datenbankebene wie es bei anderen Systemgattungen zur Prozessautomatisierung (z. B. Business Process Management oder Input-Management-L\u00f6sungen) der Fall ist.<\/p>\n<p>Viele Unternehmen haben die Vorteile von RPA-L\u00f6sungen bereits erkannt, was zu einem enormen Marktwachstum in den letzten Jahren gef\u00fchrt hat. Sowohl gro\u00dfe Generalisten, aber vor allem auch neue Spezialisten konkurrieren am Markt mit starken Produkten.<\/p>\n<p>Im BARC Score Robotic Process Automation betrachten wir relevante RPA-Player im DACH-Raum. Anhand der beiden Dimensionen \u201ePortfolio Capabilities\u201c und \u201eMarket Excecution\u201c wird jeder Anbieter mit seinem Produktportfolio bewertet. Im Ergebnis-Dokument des Scores und der kompakten Score-Grafik wird detailliertes Analystenwissen mit kriteriengest\u00fctzen Auswertungen verdichtet.<\/p>\n","protected":false},"excerpt":{"rendered":"<p>Mit dem BARC Score Robotic Process Automation vergleichen Sie 10 Hersteller auf einen Blick und wissen, wie Sie deren Portfolio im Marktsegment einordnen k\u00f6nnen.<\/p>\n","protected":false},"featured_media":132387,"template":"","meta":{"_acf_changed":false,"site-sidebar-layout":"default","site-content-layout":"default","ast-site-content-layout":"default","site-content-style":"default","site-sidebar-style":"default","ast-global-header-display":"","ast-banner-title-visibility":"","ast-main-header-display":"","ast-hfb-above-header-display":"","ast-hfb-below-header-display":"","ast-hfb-mobile-header-display":"","site-post-title":"","ast-breadcrumbs-content":"","ast-featured-img":"","footer-sml-layout":"","ast-disable-related-posts":"","theme-transparent-header-meta":"default","adv-header-id-meta":"","stick-header-meta":"","header-above-stick-meta":"","header-main-stick-meta":"","header-below-stick-meta":"","astra-migrate-meta-layouts":"set","ast-page-background-enabled":"default","ast-page-background-meta":{"desktop":{"background-color":"","background-image":"","background-repeat":"repeat","background-position":"center center","background-size":"auto","background-attachment":"scroll","background-type":"","background-media":"","overlay-type":"","overlay-color":"","overlay-opacity":"","overlay-gradient":""},"tablet":{"background-color":"","background-image":"","background-repeat":"repeat","background-position":"center center","background-size":"auto","background-attachment":"scroll","background-type":"","background-media":"","overlay-type":"","overlay-color":"","overlay-opacity":"","overlay-gradient":""},"mobile":{"background-color":"","background-image":"","background-repeat":"repeat","background-position":"center center","background-size":"auto","background-attachment":"scroll","background-type":"","background-media":"","overlay-type":"","overlay-color":"","overlay-opacity":"","overlay-gradient":""}},"ast-content-background-meta":{"desktop":{"background-color":"var(--ast-global-color-5)","background-image":"","background-repeat":"repeat","background-position":"center center","background-size":"auto","background-attachment":"scroll","background-type":"","background-media":"","overlay-type":"","overlay-color":"","overlay-opacity":"","overlay-gradient":""},"tablet":{"background-color":"var(--ast-global-color-5)","background-image":"","background-repeat":"repeat","background-position":"center center","background-size":"auto","background-attachment":"scroll","background-type":"","background-media":"","overlay-type":"","overlay-color":"","overlay-opacity":"","overlay-gradient":""},"mobile":{"background-color":"var(--ast-global-color-5)","background-image":"","background-repeat":"repeat","background-position":"center center","background-size":"auto","background-attachment":"scroll","background-type":"","background-media":"","overlay-type":"","overlay-color":"","overlay-opacity":"","overlay-gradient":""}}},"product_brand":[],"product_cat":[144],"product_tag":[],"layoutvorlage":[400],"class_list":{"0":"post-16685","1":"product","2":"type-product","3":"status-publish","4":"has-post-thumbnail","6":"product_cat-scores","7":"layoutvorlage-single-product-score-dwp-template","8":"desktop-align-left","9":"tablet-align-left","10":"mobile-align-left","12":"first","13":"instock","14":"downloadable","15":"virtual","16":"taxable","17":"purchasable","18":"product-type-simple"},"bundled_by":[],"bundle_stock_status":"instock","bundle_stock_quantity":null,"bundle_virtual":false,"bundle_layout":"","bundle_add_to_cart_form_location":"","bundle_editable_in_cart":false,"bundle_sold_individually_context":"","bundle_item_grouping":"","bundle_min_size":"","bundle_max_size":"","bundle_price":[],"bundled_items":[],"bundle_sell_ids":[],"acf":[],"_links":{"self":[{"href":"https:\/\/barc.com\/de\/wp-json\/wp\/v2\/product\/16685","targetHints":{"allow":["GET"]}}],"collection":[{"href":"https:\/\/barc.com\/de\/wp-json\/wp\/v2\/product"}],"about":[{"href":"https:\/\/barc.com\/de\/wp-json\/wp\/v2\/types\/product"}],"version-history":[{"count":1,"href":"https:\/\/barc.com\/de\/wp-json\/wp\/v2\/product\/16685\/revisions"}],"predecessor-version":[{"id":132855,"href":"https:\/\/barc.com\/de\/wp-json\/wp\/v2\/product\/16685\/revisions\/132855"}],"wp:featuredmedia":[{"embeddable":true,"href":"https:\/\/barc.com\/de\/wp-json\/wp\/v2\/media\/132387"}],"wp:attachment":[{"href":"https:\/\/barc.com\/de\/wp-json\/wp\/v2\/media?parent=16685"}],"wp:term":[{"taxonomy":"product_brand","embeddable":true,"href":"https:\/\/barc.com\/de\/wp-json\/wp\/v2\/product_brand?post=16685"},{"taxonomy":"product_cat","embeddable":true,"href":"https:\/\/barc.com\/de\/wp-json\/wp\/v2\/product_cat?post=16685"},{"taxonomy":"product_tag","embeddable":true,"href":"https:\/\/barc.com\/de\/wp-json\/wp\/v2\/product_tag?post=16685"},{"taxonomy":"layoutvorlage","embeddable":true,"href":"https:\/\/barc.com\/de\/wp-json\/wp\/v2\/layoutvorlage?post=16685"}],"curies":[{"name":"wp","href":"https:\/\/api.w.org\/{rel}","templated":true}]}}