{"id":59768,"date":"2022-11-14T08:30:06","date_gmt":"2022-11-14T08:30:06","guid":{"rendered":"https:\/\/barc.com\/de\/?post_type=product&#038;p=59768"},"modified":"2026-04-01T06:03:34","modified_gmt":"2026-04-01T06:03:34","slug":"plus","status":"publish","type":"product","link":"https:\/\/barc.com\/de\/produkt\/plus\/","title":{"rendered":"BARC+ (Jahresabo)"},"content":{"rendered":"<p>Sind Sie auf der Suche nach verl\u00e4sslichen Informationen, mit deren Hilfe Sie Ihre Data-, BI- &amp; Analytics-Herausforderungen meistern k\u00f6nnen? Informationen, die Ihnen Orientierung geben und Sie bei der Entscheidungsfindung unterst\u00fctzen? Dann ist BARC+ genau das richtige f\u00fcr Sie.<\/p>\n<p>BARC+ bietet Usern Zugang zu exklusiven Inhalten auf barc.com. Die Premium-Inhalte liefern fundierte und unabh\u00e4ngige Informationen zu relevanten Marktentwicklungen f\u00fcr Verantwortliche in den Bereichen Data, Analytics, Business Intelligence, Data Science und Corporate Performance Management. Zus\u00e4tzlich gew\u00e4hrt BARC+ Zugang zu exklusiven Ergebnissen aus dem BARC Research wie Anwenderbefragungen und Produktvergleiche.<\/p>\n<h2>BARC+ beinhaltet<\/h2>\n<ul>\n<li><b>Alle Premium-Artikel <\/b>auf barc.com\n<ul>\n<li style=\"padding-top: 10px;\">Dossiers zu aktuellen Themen in Data, Analytics, Business Intelligence, Data Science und Corporate Performance Management<\/li>\n<li>Analystenkommentare zu wichtigen Ank\u00fcndigungen und Entwicklungen im Markt<\/li>\n<li>Best Practices &amp; Lessons Learned<\/li>\n<\/ul>\n<\/li>\n<li>Zugriff auf alle <b>kostenpflichtigen Softwarevergleichsstudien*, Scores und Surveys <\/b>von BARC, unter anderem\n<ul>\n<li style=\"padding-top: 10px;\">The BI &amp; Analytics Survey, The Planning Survey und The Data Management Survey samt interaktivem Analysetool (Analyzer)<\/li>\n<li>BARC Scores<\/li>\n<li>Exklusiver Zugriff auf die BARC Data &amp; Analytics Gehaltsstudie<\/li>\n<\/ul>\n<\/li>\n<li><b>Unbeschr\u00e4nkter Zugang zur BARC-Mediathek<\/b>\n<ul>\n<li style=\"padding-top: 10px;\">Orts- und zeitunabh\u00e4ngiger Zugang zu allen Videos der BARC-Mediathek<\/li>\n<li>Beinhaltet unter anderem BARC-Webinare und Vortr\u00e4ge der virtuellen BARC Events on demand<\/li>\n<\/ul>\n<\/li>\n<\/ul>\n<p><em>*Mit Ausnahme der Studie &#8222;Softwaresysteme f\u00fcr Projektmanagement&#8220;<\/em><\/p>\n","protected":false},"excerpt":{"rendered":"<p>F\u00fcr alle, die wissen wollen, was die Data &amp; Analytics-Welt wirklich bewegt. Digital-Zugang zu den Premium-Inhalten auf barc.com.<\/p>\n","protected":false},"featured_media":132395,"template":"","meta":{"_acf_changed":false,"site-sidebar-layout":"default","site-content-layout":"default","ast-site-content-layout":"default","site-content-style":"default","site-sidebar-style":"default","ast-global-header-display":"","ast-banner-title-visibility":"","ast-main-header-display":"","ast-hfb-above-header-display":"","ast-hfb-below-header-display":"","ast-hfb-mobile-header-display":"","site-post-title":"","ast-breadcrumbs-content":"","ast-featured-img":"","footer-sml-layout":"","ast-disable-related-posts":"","theme-transparent-header-meta":"default","adv-header-id-meta":"","stick-header-meta":"","header-above-stick-meta":"","header-main-stick-meta":"","header-below-stick-meta":"","astra-migrate-meta-layouts":"set","ast-page-background-enabled":"default","ast-page-background-meta":{"desktop":{"background-color":"","background-image":"","background-repeat":"repeat","background-position":"center center","background-size":"auto","background-attachment":"scroll","background-type":"","background-media":"","overlay-type":"","overlay-color":"","overlay-opacity":"","overlay-gradient":""},"tablet":{"background-color":"","background-image":"","background-repeat":"repeat","background-position":"center center","background-size":"auto","background-attachment":"scroll","background-type":"","background-media":"","overlay-type":"","overlay-color":"","overlay-opacity":"","overlay-gradient":""},"mobile":{"background-color":"","background-image":"","background-repeat":"repeat","background-position":"center center","background-size":"auto","background-attachment":"scroll","background-type":"","background-media":"","overlay-type":"","overlay-color":"","overlay-opacity":"","overlay-gradient":""}},"ast-content-background-meta":{"desktop":{"background-color":"var(--ast-global-color-5)","background-image":"","background-repeat":"repeat","background-position":"center center","background-size":"auto","background-attachment":"scroll","background-type":"","background-media":"","overlay-type":"","overlay-color":"","overlay-opacity":"","overlay-gradient":""},"tablet":{"background-color":"var(--ast-global-color-5)","background-image":"","background-repeat":"repeat","background-position":"center center","background-size":"auto","background-attachment":"scroll","background-type":"","background-media":"","overlay-type":"","overlay-color":"","overlay-opacity":"","overlay-gradient":""},"mobile":{"background-color":"var(--ast-global-color-5)","background-image":"","background-repeat":"repeat","background-position":"center center","background-size":"auto","background-attachment":"scroll","background-type":"","background-media":"","overlay-type":"","overlay-color":"","overlay-opacity":"","overlay-gradient":""}}},"product_brand":[],"product_cat":[75],"product_tag":[],"layoutvorlage":[256],"class_list":{"0":"post-59768","1":"product","2":"type-product","3":"status-publish","4":"has-post-thumbnail","6":"product_cat-empfohlen","7":"layoutvorlage-data-analytics-manager","8":"desktop-align-left","9":"tablet-align-left","10":"mobile-align-left","12":"first","13":"instock","14":"downloadable","15":"virtual","16":"sold-individually","17":"taxable","18":"purchasable","19":"product-type-subscription"},"bundled_by":[],"bundle_stock_status":"instock","bundle_stock_quantity":null,"bundle_virtual":false,"bundle_layout":"","bundle_add_to_cart_form_location":"","bundle_editable_in_cart":false,"bundle_sold_individually_context":"","bundle_item_grouping":"","bundle_min_size":"","bundle_max_size":"","bundle_price":[],"bundled_items":[],"bundle_sell_ids":[],"acf":[],"_links":{"self":[{"href":"https:\/\/barc.com\/de\/wp-json\/wp\/v2\/product\/59768","targetHints":{"allow":["GET"]}}],"collection":[{"href":"https:\/\/barc.com\/de\/wp-json\/wp\/v2\/product"}],"about":[{"href":"https:\/\/barc.com\/de\/wp-json\/wp\/v2\/types\/product"}],"version-history":[{"count":4,"href":"https:\/\/barc.com\/de\/wp-json\/wp\/v2\/product\/59768\/revisions"}],"predecessor-version":[{"id":127670,"href":"https:\/\/barc.com\/de\/wp-json\/wp\/v2\/product\/59768\/revisions\/127670"}],"wp:featuredmedia":[{"embeddable":true,"href":"https:\/\/barc.com\/de\/wp-json\/wp\/v2\/media\/132395"}],"wp:attachment":[{"href":"https:\/\/barc.com\/de\/wp-json\/wp\/v2\/media?parent=59768"}],"wp:term":[{"taxonomy":"product_brand","embeddable":true,"href":"https:\/\/barc.com\/de\/wp-json\/wp\/v2\/product_brand?post=59768"},{"taxonomy":"product_cat","embeddable":true,"href":"https:\/\/barc.com\/de\/wp-json\/wp\/v2\/product_cat?post=59768"},{"taxonomy":"product_tag","embeddable":true,"href":"https:\/\/barc.com\/de\/wp-json\/wp\/v2\/product_tag?post=59768"},{"taxonomy":"layoutvorlage","embeddable":true,"href":"https:\/\/barc.com\/de\/wp-json\/wp\/v2\/layoutvorlage?post=59768"}],"curies":[{"name":"wp","href":"https:\/\/api.w.org\/{rel}","templated":true}]}}