{"id":99132,"date":"2024-03-14T07:02:19","date_gmt":"2024-03-14T07:02:19","guid":{"rendered":"https:\/\/barc.com\/?post_type=product&#038;p=99132"},"modified":"2026-03-27T07:00:11","modified_gmt":"2026-03-27T07:00:11","slug":"the-financial-consolidation-survey","status":"publish","type":"product","link":"https:\/\/barc.com\/de\/produkt\/the-financial-consolidation-survey\/","title":{"rendered":"The Financial Consolidation &#038; Group Accounting Survey 26"},"content":{"rendered":"<p>Der Financial Consolidation &amp; Group Accounting Survey ist die gr\u00f6\u00dfte j\u00e4hrliche Umfrage von BARC zum Thema Financial Consolidation. Basierend auf einer Stichprobe von rund 450 Antworten bietet die Studie ein un\u00fcbertroffenes Ma\u00df an Nutzerfeedback zu Themen wie Performance, Kaufgr\u00fcnde, Skalierbarkeit und Probleme bei der Nutzung von Softwarel\u00f6sungen.<\/p>\n<p>Der Survey besteht aus 3 Kernbestandteilen:<\/p>\n<h5>Das Results-Dokument<\/h5>\n<p>Eine Analyse der Kernergebnisse des Financial Consolidation &amp; Group Accounting Survey und zur Marktentwicklung. Die Analyse zeigt, wie Unternehmen Financial Consolidation &amp; Group Accounting Tools ausw\u00e4hlen, implementieren, nutzen und welches die marktf\u00fchrenden Produkte sind. Der Financial Consolidation &amp; Group Accounting Survey untersucht aktuelle Entwicklungen im Bereich Financial Consolidation &amp; Group Accounting und beleuchtet Muster und Trends.<\/p>\n<h5 class=\"iconlist_title\">Die Vendor Performance Summaries<\/h5>\n<p>Eine detaillierte Zusammenfassung der Kernergebnisse zu allen Produkten, die im Financial Consolidation &amp; Group Accounting Survey enthalten sind. Jedes Vendor Performance Summary gibt dabei einen \u00dcberblick \u00fcber die Ergebnisse des jeweiligen Produkts im Financial Consolidation &amp; Group Accounting Survey und beinhaltet Schlussfolgerungen, welche von unserem erfahrenen Analystenteam verfasst wurden.<\/p>\n<h5>Der Analyzer<\/h5>\n<p>F\u00fcr Unternehmen, die einen tieferen Einblick in die Daten des Financial Consolidation &amp; Group Accounting Survey erlangen wollen, um Markttrends zu untersuchen und Produkte im Detail zu vergleichen, bieten wir den Analyzer an. Einer der herausragenden Vorteile ist die M\u00f6glichkeit, die Umfragedaten nach Ihrer eigenen Liste an Produkten zu filtern. Mit dieser Funktion k\u00f6nnen Sie sich auf die Ergebnisse der Produkte fokussieren, die Sie interessant finden und schnelle Vergleiche zwischen den verschiedenen L\u00f6sungen anstellen.<\/p>\n<p>Weitere Informationen zum Survey und seiner Methodik finden Sie <a href=\"https:\/\/barc.com\/about-the-financial-consolidation-survey\/\" target=\"_blank\" rel=\"noopener\">hier<\/a>.<\/p>\n","protected":false},"excerpt":{"rendered":"<p>Treffen Sie Ihre Softwareentscheidung nicht, ohne die St\u00e4rken und Schw\u00e4chen verschiedener Financial Consolidation Tools zu kennen! Im Financial Consolidation &amp; Group Accounting Survey erhalten Sie Produktbeschreibungen, Analysteneinsch\u00e4tzungen und Kundenfeedback der weltweit gr\u00f6\u00dften Anwenderbefragung \u201eThe Financial Consolidation &amp; Group Accounting Survey\u201c.<\/p>\n","protected":false},"featured_media":132389,"template":"","meta":{"_acf_changed":false,"site-sidebar-layout":"default","site-content-layout":"","ast-site-content-layout":"default","site-content-style":"default","site-sidebar-style":"default","ast-global-header-display":"","ast-banner-title-visibility":"","ast-main-header-display":"","ast-hfb-above-header-display":"","ast-hfb-below-header-display":"","ast-hfb-mobile-header-display":"","site-post-title":"","ast-breadcrumbs-content":"","ast-featured-img":"","footer-sml-layout":"","ast-disable-related-posts":"","theme-transparent-header-meta":"default","adv-header-id-meta":"","stick-header-meta":"","header-above-stick-meta":"","header-main-stick-meta":"","header-below-stick-meta":"","astra-migrate-meta-layouts":"set","ast-page-background-enabled":"default","ast-page-background-meta":{"desktop":{"background-color":"","background-image":"","background-repeat":"repeat","background-position":"center center","background-size":"auto","background-attachment":"scroll","background-type":"","background-media":"","overlay-type":"","overlay-color":"","overlay-opacity":"","overlay-gradient":""},"tablet":{"background-color":"","background-image":"","background-repeat":"repeat","background-position":"center center","background-size":"auto","background-attachment":"scroll","background-type":"","background-media":"","overlay-type":"","overlay-color":"","overlay-opacity":"","overlay-gradient":""},"mobile":{"background-color":"","background-image":"","background-repeat":"repeat","background-position":"center center","background-size":"auto","background-attachment":"scroll","background-type":"","background-media":"","overlay-type":"","overlay-color":"","overlay-opacity":"","overlay-gradient":""}},"ast-content-background-meta":{"desktop":{"background-color":"var(--ast-global-color-5)","background-image":"","background-repeat":"repeat","background-position":"center center","background-size":"auto","background-attachment":"scroll","background-type":"","background-media":"","overlay-type":"","overlay-color":"","overlay-opacity":"","overlay-gradient":""},"tablet":{"background-color":"var(--ast-global-color-5)","background-image":"","background-repeat":"repeat","background-position":"center center","background-size":"auto","background-attachment":"scroll","background-type":"","background-media":"","overlay-type":"","overlay-color":"","overlay-opacity":"","overlay-gradient":""},"mobile":{"background-color":"var(--ast-global-color-5)","background-image":"","background-repeat":"repeat","background-position":"center center","background-size":"auto","background-attachment":"scroll","background-type":"","background-media":"","overlay-type":"","overlay-color":"","overlay-opacity":"","overlay-gradient":""}}},"product_brand":[],"product_cat":[65],"product_tag":[],"layoutvorlage":[],"class_list":{"0":"post-99132","1":"product","2":"type-product","3":"status-publish","4":"has-post-thumbnail","6":"product_cat-softwarevergleichsstudien","7":"desktop-align-left","8":"tablet-align-left","9":"mobile-align-left","11":"first","12":"instock","13":"downloadable","14":"virtual","15":"taxable","16":"purchasable","17":"product-type-simple"},"bundled_by":[],"bundle_stock_status":"instock","bundle_stock_quantity":null,"bundle_virtual":false,"bundle_layout":"","bundle_add_to_cart_form_location":"","bundle_editable_in_cart":false,"bundle_sold_individually_context":"","bundle_item_grouping":"","bundle_min_size":"","bundle_max_size":"","bundle_price":[],"bundled_items":[],"bundle_sell_ids":[],"acf":[],"_links":{"self":[{"href":"https:\/\/barc.com\/de\/wp-json\/wp\/v2\/product\/99132","targetHints":{"allow":["GET"]}}],"collection":[{"href":"https:\/\/barc.com\/de\/wp-json\/wp\/v2\/product"}],"about":[{"href":"https:\/\/barc.com\/de\/wp-json\/wp\/v2\/types\/product"}],"version-history":[{"count":5,"href":"https:\/\/barc.com\/de\/wp-json\/wp\/v2\/product\/99132\/revisions"}],"predecessor-version":[{"id":148504,"href":"https:\/\/barc.com\/de\/wp-json\/wp\/v2\/product\/99132\/revisions\/148504"}],"wp:featuredmedia":[{"embeddable":true,"href":"https:\/\/barc.com\/de\/wp-json\/wp\/v2\/media\/132389"}],"wp:attachment":[{"href":"https:\/\/barc.com\/de\/wp-json\/wp\/v2\/media?parent=99132"}],"wp:term":[{"taxonomy":"product_brand","embeddable":true,"href":"https:\/\/barc.com\/de\/wp-json\/wp\/v2\/product_brand?post=99132"},{"taxonomy":"product_cat","embeddable":true,"href":"https:\/\/barc.com\/de\/wp-json\/wp\/v2\/product_cat?post=99132"},{"taxonomy":"product_tag","embeddable":true,"href":"https:\/\/barc.com\/de\/wp-json\/wp\/v2\/product_tag?post=99132"},{"taxonomy":"layoutvorlage","embeddable":true,"href":"https:\/\/barc.com\/de\/wp-json\/wp\/v2\/layoutvorlage?post=99132"}],"curies":[{"name":"wp","href":"https:\/\/api.w.org\/{rel}","templated":true}]}}